{"id":9,"date":"2016-04-04T08:20:34","date_gmt":"2016-04-04T08:20:34","guid":{"rendered":"http:\/\/demos.artbees.net\/jupiter5\/summanus\/?page_id=9"},"modified":"2025-04-14T08:44:34","modified_gmt":"2025-04-14T08:44:34","slug":"doctor-cv","status":"publish","type":"page","link":"https:\/\/www.matteofamiglietti.com\/es\/doctor-cv\/","title":{"rendered":"DOCTOR"},"content":{"rendered":"<div class=\"wpb-content-wrapper\">[vc_row][vc_column][vc_column_text css=\u00bb.vc_custom_1744620274356{margin-bottom: 0px !important;}\u00bb]\n<p align=\"justify\"><span lang=\"es-ES-u-co-trad\">El Dr. Matteo Famiglietti obtuvo la licenciatura en <strong>Medicina y Cirug\u00eda<\/strong> en la Universidad de Cagliari con la calificaci\u00f3n de <strong>110\/110 cum laude<\/strong>.<\/span><\/p>\n<p align=\"justify\"><span lang=\"es-ES-u-co-trad\">Se especializ\u00f3 en <strong>Cirug\u00eda Pl\u00e1stica Reparadora y Est\u00e9tica en la Universidad de Florencia-Siena<\/strong> con la calificaci\u00f3n de <strong>70\/70 cum laude<\/strong>.<\/span><\/p>\n<p align=\"justify\"><span lang=\"es-ES-u-co-trad\">Durante su periodo de formaci\u00f3n ha trabajado principalmente en la Unidad de<strong> Cirug\u00eda Pl\u00e1stica Reconstructiva y Microcirug\u00eda del Hospital Universitario Careggi de Florencia<\/strong>, ocup\u00e1ndose activamente de cirug\u00eda mamaria, cirug\u00eda reconstructiva post-oncol\u00f3gica y post-traum\u00e1tica, cirug\u00eda post-bari\u00e1trica, transexualidad y microcirug\u00eda. <\/span><\/p>\n<p align=\"justify\"><span lang=\"es-ES-u-co-trad\">Pudo perfeccionar su conocimiento en el campo de las malformaciones congenitas en la Unidad para el Tratamiento del Labio y Paladar Hendido del<strong> Hospital Santa Chiara de Pisa<\/strong> y en el <strong>Hospital Infantil Meyer de Florencia<\/strong>; asimismo, pudo ampliar su experiencia en el tratamiento y gesti\u00f3n del paciente quemado en la <strong>Unidad de Grandes Quemados del Hospital Universitario de Pisa<\/strong>.<\/span><\/p>\n<p align=\"justify\"><span lang=\"es-ES-u-co-trad\">Ha completado su recorrido formativo en m\u00faltiples centros internacionales, particularmente en Brazil:<\/span><\/p>\n<p align=\"justify\"><span lang=\"es-ES-u-co-trad\"><strong>Instituto Ivo Pitanguy<\/strong>, en R\u00edo de Janeiro, referente mundial de la cirug\u00eda est\u00e9tica;<\/span><\/p>\n<p align=\"justify\"><span lang=\"es-ES-u-co-trad\"><strong>Hospital da Pl\u00e1stica<\/strong>, en R\u00edo de Janeiro;<\/span><\/p>\n<p align=\"justify\"><span lang=\"pt-BR\"><strong>Servi\u00e7o de Cirurgia Pl\u00e1stica en el Hospital S\u00e3o Lucas da PUCRS<\/strong>, en Porto Alegre;<\/span><\/p>\n<p align=\"justify\"><span lang=\"pt-BR\"><strong>Instituto de Cirurgia Pl\u00e1stica Santa Cruz<\/strong>, en S\u00e3o Paulo.<\/span><\/p>\n<p align=\"justify\"><span lang=\"es-ES-u-co-trad\">Una vez finalizado el periodo formativo, ejerci\u00f3 por alg\u00fan a\u00f1o como cirujano en la Unidad de<strong> Cirug\u00eda Pl\u00e1stica y Grandes Quemados<\/strong> del Hospital Niguarda de Mil\u00e1n, ocupandose, asimismo, de extracci\u00f3n de \u00f3rganos en colaboraci\u00f3n con el<strong> Centro Nacional de trasplantes, a trav\u00e9s del Banco de Tejidos<\/strong> de Niguarda y el Centro de Terapia de Tejidos.<\/span><\/p>\n<p align=\"justify\"><span lang=\"es-ES-u-co-trad\">Posteriormente, sigui\u00f3 trabajando en el equipo de la<strong> Unidad de Cirug\u00eda Pl\u00e1stica y Reconstructiva del Policl\u00ednico San Pietro<\/strong>, y, en el campo de la cirug\u00eda est\u00e9tica, con el Instituto Est\u00e9tico Italiano y LaClinic Mil\u00e1n.<\/span><\/p>\n<p><span lang=\"es-ES-u-co-trad\">Pertenece al Colegio Oficial de M\u00e9dicos de Barcelona con n\u00famero de colegiado 65392 y actualmente ejerce en <strong>Barcelona <\/strong>como freelancer.<\/span><\/p>\n<p align=\"justify\"><span lang=\"es-ES-u-co-trad\">Es autor de<strong> publicaciones cient\u00edficas<\/strong> en el campo de la Cirug\u00eda Pl\u00e1stica y ha participado en numerosos cursos de formaci\u00f3n y congresos, en algunos de ellos como ponente.<\/span><\/p>\n[\/vc_column_text][\/vc_column][\/vc_row]\n<\/div>","protected":false},"excerpt":{"rendered":"<p>[vc_row][vc_column][vc_column_text css=\u00bb.vc_custom_1744620274356{margin-bottom: 0px !important;}\u00bb] El Dr. Matteo Famiglietti obtuvo la licenciatura en Medicina y Cirug\u00eda en la Universidad de Cagliari con la calificaci\u00f3n de 110\/110 cum laude. Se especializ\u00f3 en Cirug\u00eda Pl\u00e1stica Reparadora y Est\u00e9tica en la Universidad de Florencia-Siena con la calificaci\u00f3n de 70\/70 cum laude. Durante su periodo de formaci\u00f3n ha trabajado principalmente [&hellip;]<\/p>\n","protected":false},"author":1,"featured_media":0,"parent":0,"menu_order":0,"comment_status":"closed","ping_status":"closed","template":"","meta":{"footnotes":""},"class_list":["post-9","page","type-page","status-publish","hentry"],"yoast_head":"<!-- This site is optimized with the Yoast SEO plugin v27.4 - https:\/\/yoast.com\/product\/yoast-seo-wordpress\/ -->\n<title>DOCTOR - Matteo Famiglietti<\/title>\n<meta name=\"robots\" content=\"index, follow, max-snippet:-1, max-image-preview:large, max-video-preview:-1\" \/>\n<link rel=\"canonical\" href=\"https:\/\/www.matteofamiglietti.com\/es\/doctor-cv\/\" \/>\n<meta property=\"og:locale\" content=\"es_ES\" \/>\n<meta property=\"og:type\" content=\"article\" \/>\n<meta property=\"og:title\" content=\"DOCTOR - Matteo Famiglietti\" \/>\n<meta property=\"og:description\" content=\"[vc_row][vc_column][vc_column_text css=\u00bb.vc_custom_1744620274356{margin-bottom: 0px !important;}\u00bb] El Dr. Matteo Famiglietti obtuvo la licenciatura en Medicina y Cirug\u00eda en la Universidad de Cagliari con la calificaci\u00f3n de 110\/110 cum laude. Se especializ\u00f3 en Cirug\u00eda Pl\u00e1stica Reparadora y Est\u00e9tica en la Universidad de Florencia-Siena con la calificaci\u00f3n de 70\/70 cum laude. Durante su periodo de formaci\u00f3n ha trabajado principalmente [&hellip;]\" \/>\n<meta property=\"og:url\" content=\"https:\/\/www.matteofamiglietti.com\/es\/doctor-cv\/\" \/>\n<meta property=\"og:site_name\" content=\"Matteo Famiglietti\" \/>\n<meta property=\"article:publisher\" content=\"https:\/\/www.facebook.com\/dottfamiglietti\" \/>\n<meta property=\"article:modified_time\" content=\"2025-04-14T08:44:34+00:00\" \/>\n<meta name=\"twitter:card\" content=\"summary_large_image\" \/>\n<meta name=\"twitter:label1\" content=\"Tiempo de lectura\" \/>\n\t<meta name=\"twitter:data1\" content=\"2 minutos\" \/>\n<script type=\"application\/ld+json\" class=\"yoast-schema-graph\">{\"@context\":\"https:\\\/\\\/schema.org\",\"@graph\":[{\"@type\":\"WebPage\",\"@id\":\"https:\\\/\\\/www.matteofamiglietti.com\\\/es\\\/doctor-cv\\\/\",\"url\":\"https:\\\/\\\/www.matteofamiglietti.com\\\/es\\\/doctor-cv\\\/\",\"name\":\"DOCTOR - Matteo Famiglietti\",\"isPartOf\":{\"@id\":\"https:\\\/\\\/www.matteofamiglietti.com\\\/es\\\/#website\"},\"datePublished\":\"2016-04-04T08:20:34+00:00\",\"dateModified\":\"2025-04-14T08:44:34+00:00\",\"breadcrumb\":{\"@id\":\"https:\\\/\\\/www.matteofamiglietti.com\\\/es\\\/doctor-cv\\\/#breadcrumb\"},\"inLanguage\":\"es\",\"potentialAction\":[{\"@type\":\"ReadAction\",\"target\":[\"https:\\\/\\\/www.matteofamiglietti.com\\\/es\\\/doctor-cv\\\/\"]}]},{\"@type\":\"BreadcrumbList\",\"@id\":\"https:\\\/\\\/www.matteofamiglietti.com\\\/es\\\/doctor-cv\\\/#breadcrumb\",\"itemListElement\":[{\"@type\":\"ListItem\",\"position\":1,\"name\":\"Home\",\"item\":\"https:\\\/\\\/www.matteofamiglietti.com\\\/es\\\/\"},{\"@type\":\"ListItem\",\"position\":2,\"name\":\"DOCTOR\"}]},{\"@type\":\"WebSite\",\"@id\":\"https:\\\/\\\/www.matteofamiglietti.com\\\/es\\\/#website\",\"url\":\"https:\\\/\\\/www.matteofamiglietti.com\\\/es\\\/\",\"name\":\"Matteo Famiglietti\",\"description\":\"Specialista in Chirurgia Plastica Ricostruttiva ed Estetica\",\"potentialAction\":[{\"@type\":\"SearchAction\",\"target\":{\"@type\":\"EntryPoint\",\"urlTemplate\":\"https:\\\/\\\/www.matteofamiglietti.com\\\/es\\\/?s={search_term_string}\"},\"query-input\":{\"@type\":\"PropertyValueSpecification\",\"valueRequired\":true,\"valueName\":\"search_term_string\"}}],\"inLanguage\":\"es\"}]}<\/script>\n<!-- \/ Yoast SEO plugin. -->","yoast_head_json":{"title":"DOCTOR - Matteo Famiglietti","robots":{"index":"index","follow":"follow","max-snippet":"max-snippet:-1","max-image-preview":"max-image-preview:large","max-video-preview":"max-video-preview:-1"},"canonical":"https:\/\/www.matteofamiglietti.com\/es\/doctor-cv\/","og_locale":"es_ES","og_type":"article","og_title":"DOCTOR - Matteo Famiglietti","og_description":"[vc_row][vc_column][vc_column_text css=\u00bb.vc_custom_1744620274356{margin-bottom: 0px !important;}\u00bb] El Dr. Matteo Famiglietti obtuvo la licenciatura en Medicina y Cirug\u00eda en la Universidad de Cagliari con la calificaci\u00f3n de 110\/110 cum laude. Se especializ\u00f3 en Cirug\u00eda Pl\u00e1stica Reparadora y Est\u00e9tica en la Universidad de Florencia-Siena con la calificaci\u00f3n de 70\/70 cum laude. Durante su periodo de formaci\u00f3n ha trabajado principalmente [&hellip;]","og_url":"https:\/\/www.matteofamiglietti.com\/es\/doctor-cv\/","og_site_name":"Matteo Famiglietti","article_publisher":"https:\/\/www.facebook.com\/dottfamiglietti","article_modified_time":"2025-04-14T08:44:34+00:00","twitter_card":"summary_large_image","twitter_misc":{"Tiempo de lectura":"2 minutos"},"schema":{"@context":"https:\/\/schema.org","@graph":[{"@type":"WebPage","@id":"https:\/\/www.matteofamiglietti.com\/es\/doctor-cv\/","url":"https:\/\/www.matteofamiglietti.com\/es\/doctor-cv\/","name":"DOCTOR - Matteo Famiglietti","isPartOf":{"@id":"https:\/\/www.matteofamiglietti.com\/es\/#website"},"datePublished":"2016-04-04T08:20:34+00:00","dateModified":"2025-04-14T08:44:34+00:00","breadcrumb":{"@id":"https:\/\/www.matteofamiglietti.com\/es\/doctor-cv\/#breadcrumb"},"inLanguage":"es","potentialAction":[{"@type":"ReadAction","target":["https:\/\/www.matteofamiglietti.com\/es\/doctor-cv\/"]}]},{"@type":"BreadcrumbList","@id":"https:\/\/www.matteofamiglietti.com\/es\/doctor-cv\/#breadcrumb","itemListElement":[{"@type":"ListItem","position":1,"name":"Home","item":"https:\/\/www.matteofamiglietti.com\/es\/"},{"@type":"ListItem","position":2,"name":"DOCTOR"}]},{"@type":"WebSite","@id":"https:\/\/www.matteofamiglietti.com\/es\/#website","url":"https:\/\/www.matteofamiglietti.com\/es\/","name":"Matteo Famiglietti","description":"Specialista in Chirurgia Plastica Ricostruttiva ed Estetica","potentialAction":[{"@type":"SearchAction","target":{"@type":"EntryPoint","urlTemplate":"https:\/\/www.matteofamiglietti.com\/es\/?s={search_term_string}"},"query-input":{"@type":"PropertyValueSpecification","valueRequired":true,"valueName":"search_term_string"}}],"inLanguage":"es"}]}},"_links":{"self":[{"href":"https:\/\/www.matteofamiglietti.com\/es\/wp-json\/wp\/v2\/pages\/9","targetHints":{"allow":["GET"]}}],"collection":[{"href":"https:\/\/www.matteofamiglietti.com\/es\/wp-json\/wp\/v2\/pages"}],"about":[{"href":"https:\/\/www.matteofamiglietti.com\/es\/wp-json\/wp\/v2\/types\/page"}],"author":[{"embeddable":true,"href":"https:\/\/www.matteofamiglietti.com\/es\/wp-json\/wp\/v2\/users\/1"}],"replies":[{"embeddable":true,"href":"https:\/\/www.matteofamiglietti.com\/es\/wp-json\/wp\/v2\/comments?post=9"}],"version-history":[{"count":104,"href":"https:\/\/www.matteofamiglietti.com\/es\/wp-json\/wp\/v2\/pages\/9\/revisions"}],"predecessor-version":[{"id":11471,"href":"https:\/\/www.matteofamiglietti.com\/es\/wp-json\/wp\/v2\/pages\/9\/revisions\/11471"}],"wp:attachment":[{"href":"https:\/\/www.matteofamiglietti.com\/es\/wp-json\/wp\/v2\/media?parent=9"}],"curies":[{"name":"wp","href":"https:\/\/api.w.org\/{rel}","templated":true}]}}