{"id":5,"date":"2016-04-04T07:54:40","date_gmt":"2016-04-04T07:54:40","guid":{"rendered":"http:\/\/demos.artbees.net\/jupiter5\/summanus\/?page_id=5"},"modified":"2024-09-18T09:03:18","modified_gmt":"2024-09-18T09:03:18","slug":"home","status":"publish","type":"page","link":"https:\/\/www.matteofamiglietti.com\/es\/","title":{"rendered":"INICIO"},"content":{"rendered":"<div class=\"wpb-content-wrapper\">[mk_page_section bg_image=\u00bbhttps:\/\/www.matteofamiglietti.com\/es\/wp-content\/uploads\/2016\/04\/img-homepage.jpg\u00bb bg_color=\u00bbrgba(123,123,123,0.16)\u00bb blend_mode=\u00bbmultiply\u00bb bg_repeat=\u00bbno-repeat\u00bb bg_stretch=\u00bbtrue\u00bb video_opacity=\u00bb0.9&#8243; js_vertical_centered=\u00bbtrue\u00bb padding_top=\u00bb38&#8243; padding_bottom=\u00bb200&#8243; sidebar=\u00bbsidebar-1&#8243;][vc_column][mk_padding_divider size=\u00bb111&#8243; visibility=\u00bbhidden-sm\u00bb][mk_padding_divider size=\u00bb23&#8243;][mk_fancy_title tag_name=\u00bbh1&#8243; color=\u00bb#ffffff\u00bb size=\u00bb84&#8243; force_font_size=\u00bbtrue\u00bb size_tablet=\u00bb45&#8243; line_height=\u00bb95&#8243; font_weight=\u00bbbold\u00bb font_style=\u00bbnormal\u00bb txt_transform=\u00bbuppercase\u00bb letter_spacing=\u00bb1&#8243; margin_bottom=\u00bb0&#8243; font_family=\u00bbPoiret+One\u00bb font_type=\u00bbgoogle\u00bb align=\u00bbcenter\u00bb]<span style=\"color: #263e64;\">Dr. Matteo Famiglietti<\/span>[\/mk_fancy_title][mk_fancy_title tag_name=\u00bbh5&#8243; color=\u00bb#777777&#8243; size=\u00bb34&#8243; font_weight=\u00bbbold\u00bb txt_transform=\u00bbuppercase\u00bb margin_bottom=\u00bb0&#8243; font_family=\u00bbPoiret+One\u00bb font_type=\u00bbgoogle\u00bb align=\u00bbcenter\u00bb]ESPECIALISTA EN CIRUG\u00cdA PL\u00c1STICA reparadora y est\u00e9tica[\/mk_fancy_title][mk_padding_divider size=\u00bb27&#8243;][\/vc_column][\/mk_page_section][vc_row fullwidth=\u00bbtrue\u00bb fullwidth_content=\u00bbfalse\u00bb css=\u00bb.vc_custom_1725268159695{background-color: #263E64 !important;}\u00bb][vc_column][mk_fancy_title tag_name=\u00bbh4&#8243; color=\u00bb#ffffff\u00bb size=\u00bb35&#8243; force_font_size=\u00bbtrue\u00bb size_tablet=\u00bb40&#8243; font_weight=\u00bb400&#8243; font_style=\u00bbitalic\u00bb txt_transform=\u00bbnone\u00bb margin_top=\u00bb34&#8243; font_family=\u00bbnone\u00bb align=\u00bbcenter\u00bb]\n<p style=\"text-align: center;\">Amarse a s\u00ed mismo es el comienzo de un idilio que dura toda la vida<\/p>\n[\/mk_fancy_title][mk_fancy_title tag_name=\u00bbh4&#8243; color=\u00bb#ffffff\u00bb size=\u00bb18&#8243; force_font_size=\u00bbtrue\u00bb size_tablet=\u00bb40&#8243; font_weight=\u00bb300&#8243; txt_transform=\u00bbnone\u00bb margin_bottom=\u00bb25&#8243; font_family=\u00bbPoiret+One\u00bb font_type=\u00bbgoogle\u00bb align=\u00bbcenter\u00bb]\n<p style=\"text-align: right;\"><em>_Oscar Wilde<\/em><\/p>\n[\/mk_fancy_title][\/vc_column][\/vc_row][vc_row fullwidth=\u00bbtrue\u00bb fullwidth_content=\u00bbfalse\u00bb css=\u00bb.vc_custom_1725268237326{background-color: #FFFFFF !important;}\u00bb][vc_column width=\u00bb1\/6&#8243;][\/vc_column][vc_column width=\u00bb2\/3&#8243;][mk_padding_divider size=\u00bb66&#8243;][vc_column_text css=\u00bb.vc_custom_1725545127599{margin-bottom: 0px !important;}\u00bb]\n<p style=\"text-align: justify;\">La cirug\u00eda pl\u00e1stica puede ocuparse de diferentes \u00e1reas anat\u00f3micas alcanzando m\u00faltiples objetivos.<\/p>\n<p style=\"text-align: justify;\">Recurriendo a una remodelaci\u00f3n de formas y contornos, el cirujano pl\u00e1stico consigue corregir defectos cong\u00e9nitos o adquiridos que afecten la est\u00e9tica o la funci\u00f3n corporal; repara y reconstruye los tejidos da\u00f1ados por accidentes, quemaduras, tumores o enfermedades degenerativas; puede incluso corregir los signos del envejecimiento, devolviendo al rostro y al cuerpo esa juventud y frescura que se han perdido con el paso del tiempo.<\/p>\n<p style=\"text-align: justify;\">Con cada intervenci\u00f3n se intenta redefinir una mayor armon\u00eda corporal, lo que a su vez puede tener un impacto positivo en el\u00a0bienestar emocional del paciente, ayudando a restaurar una mayor confianza y autoestima.<\/p>\n<p style=\"text-align: justify;\">El objetivo de la cirug\u00eda no es transformar sino respetar las cualidades distintivas que hacen \u00fanico a cada individuo, proporcionando al paciente un enfoque totalmente personalizado.<\/p>\n[\/vc_column_text][mk_padding_divider size=\u00bb55&#8243;][\/vc_column][vc_column width=\u00bb1\/6&#8243;][\/vc_column][\/vc_row]\n<\/div>","protected":false},"excerpt":{"rendered":"<p>[mk_page_section bg_image=\u00bbhttps:\/\/www.matteofamiglietti.com\/es\/wp-content\/uploads\/2016\/04\/img-homepage.jpg\u00bb bg_color=\u00bbrgba(123,123,123,0.16)\u00bb blend_mode=\u00bbmultiply\u00bb bg_repeat=\u00bbno-repeat\u00bb bg_stretch=\u00bbtrue\u00bb video_opacity=\u00bb0.9&#8243; js_vertical_centered=\u00bbtrue\u00bb padding_top=\u00bb38&#8243; padding_bottom=\u00bb200&#8243; sidebar=\u00bbsidebar-1&#8243;][vc_column][mk_padding_divider size=\u00bb111&#8243; visibility=\u00bbhidden-sm\u00bb][mk_padding_divider size=\u00bb23&#8243;][mk_fancy_title tag_name=\u00bbh1&#8243; color=\u00bb#ffffff\u00bb size=\u00bb84&#8243; force_font_size=\u00bbtrue\u00bb size_tablet=\u00bb45&#8243; line_height=\u00bb95&#8243; font_weight=\u00bbbold\u00bb font_style=\u00bbnormal\u00bb txt_transform=\u00bbuppercase\u00bb letter_spacing=\u00bb1&#8243; margin_bottom=\u00bb0&#8243; font_family=\u00bbPoiret+One\u00bb font_type=\u00bbgoogle\u00bb align=\u00bbcenter\u00bb]Dr. Matteo Famiglietti[\/mk_fancy_title][mk_fancy_title tag_name=\u00bbh5&#8243; color=\u00bb#777777&#8243; size=\u00bb34&#8243; font_weight=\u00bbbold\u00bb txt_transform=\u00bbuppercase\u00bb margin_bottom=\u00bb0&#8243; font_family=\u00bbPoiret+One\u00bb font_type=\u00bbgoogle\u00bb align=\u00bbcenter\u00bb]ESPECIALISTA EN CIRUG\u00cdA PL\u00c1STICA reparadora y est\u00e9tica[\/mk_fancy_title][mk_padding_divider size=\u00bb27&#8243;][\/vc_column][\/mk_page_section][vc_row fullwidth=\u00bbtrue\u00bb fullwidth_content=\u00bbfalse\u00bb css=\u00bb.vc_custom_1725268159695{background-color: #263E64 !important;}\u00bb][vc_column][mk_fancy_title tag_name=\u00bbh4&#8243; color=\u00bb#ffffff\u00bb size=\u00bb35&#8243; force_font_size=\u00bbtrue\u00bb [&hellip;]<\/p>\n","protected":false},"author":1,"featured_media":0,"parent":0,"menu_order":0,"comment_status":"closed","ping_status":"closed","template":"","meta":{"footnotes":""},"class_list":["post-5","page","type-page","status-publish","hentry"],"yoast_head":"<!-- This site is optimized with the Yoast SEO plugin v27.4 - https:\/\/yoast.com\/product\/yoast-seo-wordpress\/ -->\n<title>Dott. Matteo Famiglietti | Chirurgo plastico a Milano<\/title>\n<meta name=\"description\" content=\"Dott. Matteo Famiglietti specialista in chirurgia plastica ricostruttiva ed estetica. Riceve a Milano.\" \/>\n<meta name=\"robots\" content=\"index, follow, max-snippet:-1, max-image-preview:large, max-video-preview:-1\" \/>\n<link rel=\"canonical\" href=\"https:\/\/www.matteofamiglietti.com\/es\/\" \/>\n<meta property=\"og:locale\" content=\"es_ES\" \/>\n<meta property=\"og:type\" content=\"article\" \/>\n<meta property=\"og:title\" content=\"Dott. Matteo Famiglietti | Chirurgo plastico a Milano\" \/>\n<meta property=\"og:description\" content=\"Dott. Matteo Famiglietti specialista in chirurgia plastica ricostruttiva ed estetica. Riceve a Milano.\" \/>\n<meta property=\"og:url\" content=\"https:\/\/www.matteofamiglietti.com\/es\/\" \/>\n<meta property=\"og:site_name\" content=\"Matteo Famiglietti\" \/>\n<meta property=\"article:publisher\" content=\"https:\/\/www.facebook.com\/dottfamiglietti\" \/>\n<meta property=\"article:modified_time\" content=\"2024-09-18T09:03:18+00:00\" \/>\n<meta name=\"twitter:card\" content=\"summary_large_image\" \/>\n<meta name=\"twitter:label1\" content=\"Tiempo de lectura\" \/>\n\t<meta name=\"twitter:data1\" content=\"2 minutos\" \/>\n<script type=\"application\/ld+json\" class=\"yoast-schema-graph\">{\"@context\":\"https:\\\/\\\/schema.org\",\"@graph\":[{\"@type\":\"WebPage\",\"@id\":\"https:\\\/\\\/www.matteofamiglietti.com\\\/es\\\/\",\"url\":\"https:\\\/\\\/www.matteofamiglietti.com\\\/es\\\/\",\"name\":\"Dott. Matteo Famiglietti | Chirurgo plastico a Milano\",\"isPartOf\":{\"@id\":\"https:\\\/\\\/www.matteofamiglietti.com\\\/es\\\/#website\"},\"datePublished\":\"2016-04-04T07:54:40+00:00\",\"dateModified\":\"2024-09-18T09:03:18+00:00\",\"description\":\"Dott. Matteo Famiglietti specialista in chirurgia plastica ricostruttiva ed estetica. Riceve a Milano.\",\"breadcrumb\":{\"@id\":\"https:\\\/\\\/www.matteofamiglietti.com\\\/es\\\/#breadcrumb\"},\"inLanguage\":\"es\",\"potentialAction\":[{\"@type\":\"ReadAction\",\"target\":[\"https:\\\/\\\/www.matteofamiglietti.com\\\/es\\\/\"]}]},{\"@type\":\"BreadcrumbList\",\"@id\":\"https:\\\/\\\/www.matteofamiglietti.com\\\/es\\\/#breadcrumb\",\"itemListElement\":[{\"@type\":\"ListItem\",\"position\":1,\"name\":\"Home\",\"item\":\"https:\\\/\\\/www.matteofamiglietti.com\\\/es\\\/\"},{\"@type\":\"ListItem\",\"position\":2,\"name\":\"INICIO\"}]},{\"@type\":\"WebSite\",\"@id\":\"https:\\\/\\\/www.matteofamiglietti.com\\\/es\\\/#website\",\"url\":\"https:\\\/\\\/www.matteofamiglietti.com\\\/es\\\/\",\"name\":\"Matteo Famiglietti\",\"description\":\"Specialista in Chirurgia Plastica Ricostruttiva ed Estetica\",\"potentialAction\":[{\"@type\":\"SearchAction\",\"target\":{\"@type\":\"EntryPoint\",\"urlTemplate\":\"https:\\\/\\\/www.matteofamiglietti.com\\\/es\\\/?s={search_term_string}\"},\"query-input\":{\"@type\":\"PropertyValueSpecification\",\"valueRequired\":true,\"valueName\":\"search_term_string\"}}],\"inLanguage\":\"es\"}]}<\/script>\n<!-- \/ Yoast SEO plugin. -->","yoast_head_json":{"title":"Dott. Matteo Famiglietti | Chirurgo plastico a Milano","description":"Dott. Matteo Famiglietti specialista in chirurgia plastica ricostruttiva ed estetica. Riceve a Milano.","robots":{"index":"index","follow":"follow","max-snippet":"max-snippet:-1","max-image-preview":"max-image-preview:large","max-video-preview":"max-video-preview:-1"},"canonical":"https:\/\/www.matteofamiglietti.com\/es\/","og_locale":"es_ES","og_type":"article","og_title":"Dott. Matteo Famiglietti | Chirurgo plastico a Milano","og_description":"Dott. Matteo Famiglietti specialista in chirurgia plastica ricostruttiva ed estetica. Riceve a Milano.","og_url":"https:\/\/www.matteofamiglietti.com\/es\/","og_site_name":"Matteo Famiglietti","article_publisher":"https:\/\/www.facebook.com\/dottfamiglietti","article_modified_time":"2024-09-18T09:03:18+00:00","twitter_card":"summary_large_image","twitter_misc":{"Tiempo de lectura":"2 minutos"},"schema":{"@context":"https:\/\/schema.org","@graph":[{"@type":"WebPage","@id":"https:\/\/www.matteofamiglietti.com\/es\/","url":"https:\/\/www.matteofamiglietti.com\/es\/","name":"Dott. Matteo Famiglietti | Chirurgo plastico a Milano","isPartOf":{"@id":"https:\/\/www.matteofamiglietti.com\/es\/#website"},"datePublished":"2016-04-04T07:54:40+00:00","dateModified":"2024-09-18T09:03:18+00:00","description":"Dott. Matteo Famiglietti specialista in chirurgia plastica ricostruttiva ed estetica. Riceve a Milano.","breadcrumb":{"@id":"https:\/\/www.matteofamiglietti.com\/es\/#breadcrumb"},"inLanguage":"es","potentialAction":[{"@type":"ReadAction","target":["https:\/\/www.matteofamiglietti.com\/es\/"]}]},{"@type":"BreadcrumbList","@id":"https:\/\/www.matteofamiglietti.com\/es\/#breadcrumb","itemListElement":[{"@type":"ListItem","position":1,"name":"Home","item":"https:\/\/www.matteofamiglietti.com\/es\/"},{"@type":"ListItem","position":2,"name":"INICIO"}]},{"@type":"WebSite","@id":"https:\/\/www.matteofamiglietti.com\/es\/#website","url":"https:\/\/www.matteofamiglietti.com\/es\/","name":"Matteo Famiglietti","description":"Specialista in Chirurgia Plastica Ricostruttiva ed Estetica","potentialAction":[{"@type":"SearchAction","target":{"@type":"EntryPoint","urlTemplate":"https:\/\/www.matteofamiglietti.com\/es\/?s={search_term_string}"},"query-input":{"@type":"PropertyValueSpecification","valueRequired":true,"valueName":"search_term_string"}}],"inLanguage":"es"}]}},"_links":{"self":[{"href":"https:\/\/www.matteofamiglietti.com\/es\/wp-json\/wp\/v2\/pages\/5","targetHints":{"allow":["GET"]}}],"collection":[{"href":"https:\/\/www.matteofamiglietti.com\/es\/wp-json\/wp\/v2\/pages"}],"about":[{"href":"https:\/\/www.matteofamiglietti.com\/es\/wp-json\/wp\/v2\/types\/page"}],"author":[{"embeddable":true,"href":"https:\/\/www.matteofamiglietti.com\/es\/wp-json\/wp\/v2\/users\/1"}],"replies":[{"embeddable":true,"href":"https:\/\/www.matteofamiglietti.com\/es\/wp-json\/wp\/v2\/comments?post=5"}],"version-history":[{"count":283,"href":"https:\/\/www.matteofamiglietti.com\/es\/wp-json\/wp\/v2\/pages\/5\/revisions"}],"predecessor-version":[{"id":11451,"href":"https:\/\/www.matteofamiglietti.com\/es\/wp-json\/wp\/v2\/pages\/5\/revisions\/11451"}],"wp:attachment":[{"href":"https:\/\/www.matteofamiglietti.com\/es\/wp-json\/wp\/v2\/media?parent=5"}],"curies":[{"name":"wp","href":"https:\/\/api.w.org\/{rel}","templated":true}]}}