{"id":10280,"date":"2017-01-10T15:12:07","date_gmt":"2017-01-10T15:12:07","guid":{"rendered":"https:\/\/www.matteofamiglietti.com\/es\/?page_id=10280"},"modified":"2024-09-18T09:05:41","modified_gmt":"2024-09-18T09:05:41","slug":"rinoplastia","status":"publish","type":"page","link":"https:\/\/www.matteofamiglietti.com\/es\/rinoplastia\/","title":{"rendered":"Rinoplastia"},"content":{"rendered":"<div class=\"wpb-content-wrapper\">[mk_page_section bg_image=\u00bbhttps:\/\/www.matteofamiglietti.com\/es\/wp-content\/uploads\/2017\/01\/8888.jpg\u00bb blend_mode=\u00bbmultiply\u00bb bg_position=\u00bbright top\u00bb bg_repeat=\u00bbno-repeat\u00bb bg_stretch=\u00bbtrue\u00bb video_color_mask=\u00bb#0086ac\u00bb video_opacity=\u00bb0.3&#8243; min_height=\u00bb440&#8243; js_vertical_centered=\u00bbtrue\u00bb padding_top=\u00bb0&#8243; padding_bottom=\u00bb60&#8243; sidebar=\u00bbsidebar-1&#8243;][vc_column][mk_padding_divider size=\u00bb60&#8243;][mk_fancy_title tag_name=\u00bbh5&#8243; color=\u00bb#0086ac\u00bb size=\u00bb35&#8243; line_height=\u00bb90&#8243; font_weight=\u00bbbold\u00bb txt_transform=\u00bbuppercase\u00bb margin_bottom=\u00bb0&#8243; font_family=\u00bbnone\u00bb]Dr. Matteo Famiglietti[\/mk_fancy_title][mk_fancy_title tag_name=\u00bbh1&#8243; color=\u00bb#0086ac\u00bb size=\u00bb95&#8243; force_font_size=\u00bbtrue\u00bb size_tablet=\u00bb45&#8243; line_height=\u00bb95&#8243; font_weight=\u00bbbold\u00bb txt_transform=\u00bbnone\u00bb margin_bottom=\u00bb0&#8243; font_family=\u00bbnone\u00bb]Rinoplastia[\/mk_fancy_title][\/vc_column][\/mk_page_section][vc_row fullwidth=\u00bbtrue\u00bb css=\u00bb.vc_custom_1725270143664{background-color: #263E64 !important;}\u00bb][vc_column][mk_padding_divider size=\u00bb15&#8243;][mk_fancy_title tag_name=\u00bbh5&#8243; color=\u00bb#ffffff\u00bb size=\u00bb46&#8243; line_height=\u00bb90&#8243; font_weight=\u00bb300&#8243; txt_transform=\u00bbuppercase\u00bb letter_spacing=\u00bb4&#8243; margin_bottom=\u00bb0&#8243; font_family=\u00bbJaldi\u00bb font_type=\u00bbgoogle\u00bb align=\u00bbcenter\u00bb]CIRUG\u00cdA FACIAL[\/mk_fancy_title][\/vc_column][\/vc_row][vc_row][vc_column][mk_padding_divider size=\u00bb58&#8243;][\/vc_column][\/vc_row][vc_row][vc_column][vc_column_text disable_pattern=\u00bbfalse\u00bb css=\u00bb.vc_custom_1726650339211{margin-bottom: 0px !important;}\u00bb]La rinoplastia es la intervenci\u00f3n quir\u00fargica que permite mejorar el perfil y la forma de la nariz, con el fin de hacerla m\u00e1s proporcionada y armoniosa con el resto del rostro. La correcci\u00f3n est\u00e9tica de la pir\u00e1mide nasal tambi\u00e9n puede asociarse a la correcci\u00f3n de un desv\u00edo del tabique nasal y\/o de una hipertrofia de los cornetes, con el objetivo de solucionar posibles problemas respiratorios presentes (rinseptoplastia).<\/p>\n<p>La cirug\u00eda se realiza a partir de los 18 a\u00f1os, cuando el crecimiento de las estructuras \u00f3seas y cartilaginosas puede considerarse completo.<\/p>\n<p>&nbsp;<\/p>\n<p><strong>PREOPERATORIO<\/strong><\/p>\n<p>Antes de la intervenci\u00f3n, el paciente deber\u00e1 someterse a una serie de pruebas m\u00e9dicas y an\u00e1lisis de laboratorio para valorar el\u00a0estado de salud general y confirmar que es apto para este tipo de intervenci\u00f3n. Estas pruebas incluyen analisis de sangre, electrocardiograma, eventual TC facial.<\/p>\n<p>Asimismo, hay que informar a los sanitarios de los tratamientos farmacol\u00f3gicos\u00a0actuales y sobre cualquier alergia.<\/p>\n<p>Se recomienda evitar tomar medicamentos antiinflamatorios tipo aspirina y derivados una semana antes de la cirug\u00eda y dejar de fumar 20 d\u00edas antes.<\/p>\n<p>&nbsp;<\/p>\n<p><strong>INTERVENCI\u00d3N<\/strong><\/p>\n<p>Por lo normal, una rinoplastia no necesita hospitalizaci\u00f3n. La cirug\u00eda suele durar entre 1 y 2 horas, y se puede realizar bajo anestes\u00eda general o local con sedaci\u00f3n, con una preferencia personal para la primera.\u00a0Dependiendo de los casos, el abordaje puede ser cerrado, dejando todas las cicatrices en el interior de la nariz, o abierto, o sea con una cicatriz adicional externa a nivel de la columela.<\/p>\n<p>Al final de la intervenci\u00f3n se adhiera una f\u00e9rula para proporcionar protecci\u00f3n y apoyo. Por lo general, se la deja puesta durante aproximadamente una semana.<\/p>\n<p>&nbsp;<\/p>\n<p><strong>CUIDADOS POSTOPERATORIOS<\/strong><\/p>\n<p>Durante los 3 d\u00edas tras la cirug\u00eda es recomendable descansar, evitar las fuentes de calor y mantener siempre la cabeza elevada, tambi\u00e9n en la cama. Aplicar\u00a0fr\u00edo local durante este periodo puede limitar la formaci\u00f3n de moretones y edema.<\/p>\n<p>Los moretones normalmente desaparecen despu\u00e9s de 1 a 2 semanas, pero una cantidad de hinchaz\u00f3n puede permanecer durante m\u00e1s tiempo, por la inflamaci\u00f3n. Hay que considerar que la punta de la nariz es normalmente la parte que tarda m\u00e1s a desinflamarse.<\/p>\n<p>A partir del tercer d\u00eda del postoperatorio ser\u00e1 posible hacerse\u00a0lavados de las fosas nasales con\u00a0soluciones salinas isot\u00f3nicas o hipert\u00f3nicas.<\/p>\n<p>La f\u00e9rula debe mantenerse durante aproximadamente una semana, despu\u00e9s de la cual todas las actividades diarias normales se pueden reanudar gradualmente, incluso la reincorporaci\u00f3n laboral.<\/p>\n<p>Durante un mes hay que evitar golpes, deporte y ejercicio f\u00edsico intenso que pueda subir demasiado la tensi\u00f3n arterial. Adem\u00e1s, en este lapso de tiempo no se podr\u00e1n usar gafas, sino lentillas, tan pronto como sea necesario.<\/p>\n<p>En caso de rinoplastia abierta es fundamental evitar la exposici\u00f3n solar directa de la cicatriz columelar sin protecci\u00f3n durante 6 meses.<\/p>\n<p>Es aconsejable dejar de fumar durante 20 d\u00edas despu\u00e9s de la cirug\u00eda, ya que esto aumenta el riesgo de complicaciones y puede causar un retraso en la cicatrizaci\u00f3n.[\/vc_column_text][\/vc_column][\/vc_row][vc_row][vc_column][mk_padding_divider size=\u00bb50&#8243;][\/vc_column][\/vc_row]\n<\/div>","protected":false},"excerpt":{"rendered":"<p>[mk_page_section bg_image=\u00bbhttps:\/\/www.matteofamiglietti.com\/es\/wp-content\/uploads\/2017\/01\/8888.jpg\u00bb blend_mode=\u00bbmultiply\u00bb bg_position=\u00bbright top\u00bb bg_repeat=\u00bbno-repeat\u00bb bg_stretch=\u00bbtrue\u00bb video_color_mask=\u00bb#0086ac\u00bb video_opacity=\u00bb0.3&#8243; min_height=\u00bb440&#8243; js_vertical_centered=\u00bbtrue\u00bb padding_top=\u00bb0&#8243; padding_bottom=\u00bb60&#8243; sidebar=\u00bbsidebar-1&#8243;][vc_column][mk_padding_divider size=\u00bb60&#8243;][mk_fancy_title tag_name=\u00bbh5&#8243; color=\u00bb#0086ac\u00bb size=\u00bb35&#8243; line_height=\u00bb90&#8243; font_weight=\u00bbbold\u00bb txt_transform=\u00bbuppercase\u00bb margin_bottom=\u00bb0&#8243; font_family=\u00bbnone\u00bb]Dr. Matteo Famiglietti[\/mk_fancy_title][mk_fancy_title tag_name=\u00bbh1&#8243; color=\u00bb#0086ac\u00bb size=\u00bb95&#8243; force_font_size=\u00bbtrue\u00bb size_tablet=\u00bb45&#8243; line_height=\u00bb95&#8243; font_weight=\u00bbbold\u00bb txt_transform=\u00bbnone\u00bb margin_bottom=\u00bb0&#8243; font_family=\u00bbnone\u00bb]Rinoplastia[\/mk_fancy_title][\/vc_column][\/mk_page_section][vc_row fullwidth=\u00bbtrue\u00bb css=\u00bb.vc_custom_1725270143664{background-color: #263E64 !important;}\u00bb][vc_column][mk_padding_divider size=\u00bb15&#8243;][mk_fancy_title tag_name=\u00bbh5&#8243; color=\u00bb#ffffff\u00bb size=\u00bb46&#8243; line_height=\u00bb90&#8243; font_weight=\u00bb300&#8243; txt_transform=\u00bbuppercase\u00bb letter_spacing=\u00bb4&#8243; margin_bottom=\u00bb0&#8243; font_family=\u00bbJaldi\u00bb font_type=\u00bbgoogle\u00bb align=\u00bbcenter\u00bb]CIRUG\u00cdA FACIAL[\/mk_fancy_title][\/vc_column][\/vc_row][vc_row][vc_column][mk_padding_divider size=\u00bb58&#8243;][\/vc_column][\/vc_row][vc_row][vc_column][vc_column_text disable_pattern=\u00bbfalse\u00bb css=\u00bb.vc_custom_1726650339211{margin-bottom: [&hellip;]<\/p>\n","protected":false},"author":1,"featured_media":0,"parent":0,"menu_order":0,"comment_status":"closed","ping_status":"closed","template":"","meta":{"footnotes":""},"class_list":["post-10280","page","type-page","status-publish","hentry"],"yoast_head":"<!-- This site is optimized with the Yoast SEO plugin v27.4 - https:\/\/yoast.com\/product\/yoast-seo-wordpress\/ -->\n<title>Rinoplastia - Matteo Famiglietti<\/title>\n<meta name=\"robots\" content=\"index, follow, max-snippet:-1, max-image-preview:large, max-video-preview:-1\" \/>\n<link rel=\"canonical\" href=\"https:\/\/www.matteofamiglietti.com\/es\/rinoplastia\/\" \/>\n<meta property=\"og:locale\" content=\"es_ES\" \/>\n<meta property=\"og:type\" content=\"article\" \/>\n<meta property=\"og:title\" content=\"Rinoplastia - Matteo Famiglietti\" \/>\n<meta property=\"og:description\" content=\"[mk_page_section bg_image=\u00bbhttps:\/\/www.matteofamiglietti.com\/es\/wp-content\/uploads\/2017\/01\/8888.jpg\u00bb blend_mode=\u00bbmultiply\u00bb bg_position=\u00bbright top\u00bb bg_repeat=\u00bbno-repeat\u00bb bg_stretch=\u00bbtrue\u00bb video_color_mask=\u00bb#0086ac\u00bb video_opacity=\u00bb0.3&#8243; min_height=\u00bb440&#8243; js_vertical_centered=\u00bbtrue\u00bb padding_top=\u00bb0&#8243; padding_bottom=\u00bb60&#8243; sidebar=\u00bbsidebar-1&#8243;][vc_column][mk_padding_divider size=\u00bb60&#8243;][mk_fancy_title tag_name=\u00bbh5&#8243; color=\u00bb#0086ac\u00bb size=\u00bb35&#8243; line_height=\u00bb90&#8243; font_weight=\u00bbbold\u00bb txt_transform=\u00bbuppercase\u00bb margin_bottom=\u00bb0&#8243; font_family=\u00bbnone\u00bb]Dr. Matteo Famiglietti[\/mk_fancy_title][mk_fancy_title tag_name=\u00bbh1&#8243; color=\u00bb#0086ac\u00bb size=\u00bb95&#8243; force_font_size=\u00bbtrue\u00bb size_tablet=\u00bb45&#8243; line_height=\u00bb95&#8243; font_weight=\u00bbbold\u00bb txt_transform=\u00bbnone\u00bb margin_bottom=\u00bb0&#8243; font_family=\u00bbnone\u00bb]Rinoplastia[\/mk_fancy_title][\/vc_column][\/mk_page_section][vc_row fullwidth=\u00bbtrue\u00bb css=\u00bb.vc_custom_1725270143664{background-color: #263E64 !important;}\u00bb][vc_column][mk_padding_divider size=\u00bb15&#8243;][mk_fancy_title tag_name=\u00bbh5&#8243; color=\u00bb#ffffff\u00bb size=\u00bb46&#8243; line_height=\u00bb90&#8243; font_weight=\u00bb300&#8243; txt_transform=\u00bbuppercase\u00bb letter_spacing=\u00bb4&#8243; margin_bottom=\u00bb0&#8243; font_family=\u00bbJaldi\u00bb font_type=\u00bbgoogle\u00bb align=\u00bbcenter\u00bb]CIRUG\u00cdA FACIAL[\/mk_fancy_title][\/vc_column][\/vc_row][vc_row][vc_column][mk_padding_divider size=\u00bb58&#8243;][\/vc_column][\/vc_row][vc_row][vc_column][vc_column_text disable_pattern=\u00bbfalse\u00bb css=\u00bb.vc_custom_1726650339211{margin-bottom: [&hellip;]\" \/>\n<meta property=\"og:url\" content=\"https:\/\/www.matteofamiglietti.com\/es\/rinoplastia\/\" \/>\n<meta property=\"og:site_name\" content=\"Matteo Famiglietti\" \/>\n<meta property=\"article:publisher\" content=\"https:\/\/www.facebook.com\/dottfamiglietti\" \/>\n<meta property=\"article:modified_time\" content=\"2024-09-18T09:05:41+00:00\" \/>\n<meta name=\"twitter:card\" content=\"summary_large_image\" \/>\n<meta name=\"twitter:label1\" content=\"Tiempo de lectura\" \/>\n\t<meta name=\"twitter:data1\" content=\"3 minutos\" \/>\n<script type=\"application\/ld+json\" class=\"yoast-schema-graph\">{\"@context\":\"https:\\\/\\\/schema.org\",\"@graph\":[{\"@type\":\"WebPage\",\"@id\":\"https:\\\/\\\/www.matteofamiglietti.com\\\/es\\\/rinoplastia\\\/\",\"url\":\"https:\\\/\\\/www.matteofamiglietti.com\\\/es\\\/rinoplastia\\\/\",\"name\":\"Rinoplastia - Matteo Famiglietti\",\"isPartOf\":{\"@id\":\"https:\\\/\\\/www.matteofamiglietti.com\\\/es\\\/#website\"},\"datePublished\":\"2017-01-10T15:12:07+00:00\",\"dateModified\":\"2024-09-18T09:05:41+00:00\",\"breadcrumb\":{\"@id\":\"https:\\\/\\\/www.matteofamiglietti.com\\\/es\\\/rinoplastia\\\/#breadcrumb\"},\"inLanguage\":\"es\",\"potentialAction\":[{\"@type\":\"ReadAction\",\"target\":[\"https:\\\/\\\/www.matteofamiglietti.com\\\/es\\\/rinoplastia\\\/\"]}]},{\"@type\":\"BreadcrumbList\",\"@id\":\"https:\\\/\\\/www.matteofamiglietti.com\\\/es\\\/rinoplastia\\\/#breadcrumb\",\"itemListElement\":[{\"@type\":\"ListItem\",\"position\":1,\"name\":\"Home\",\"item\":\"https:\\\/\\\/www.matteofamiglietti.com\\\/es\\\/\"},{\"@type\":\"ListItem\",\"position\":2,\"name\":\"Rinoplastia\"}]},{\"@type\":\"WebSite\",\"@id\":\"https:\\\/\\\/www.matteofamiglietti.com\\\/es\\\/#website\",\"url\":\"https:\\\/\\\/www.matteofamiglietti.com\\\/es\\\/\",\"name\":\"Matteo Famiglietti\",\"description\":\"Specialista in Chirurgia Plastica Ricostruttiva ed Estetica\",\"potentialAction\":[{\"@type\":\"SearchAction\",\"target\":{\"@type\":\"EntryPoint\",\"urlTemplate\":\"https:\\\/\\\/www.matteofamiglietti.com\\\/es\\\/?s={search_term_string}\"},\"query-input\":{\"@type\":\"PropertyValueSpecification\",\"valueRequired\":true,\"valueName\":\"search_term_string\"}}],\"inLanguage\":\"es\"}]}<\/script>\n<!-- \/ Yoast SEO plugin. -->","yoast_head_json":{"title":"Rinoplastia - Matteo Famiglietti","robots":{"index":"index","follow":"follow","max-snippet":"max-snippet:-1","max-image-preview":"max-image-preview:large","max-video-preview":"max-video-preview:-1"},"canonical":"https:\/\/www.matteofamiglietti.com\/es\/rinoplastia\/","og_locale":"es_ES","og_type":"article","og_title":"Rinoplastia - Matteo Famiglietti","og_description":"[mk_page_section bg_image=\u00bbhttps:\/\/www.matteofamiglietti.com\/es\/wp-content\/uploads\/2017\/01\/8888.jpg\u00bb blend_mode=\u00bbmultiply\u00bb bg_position=\u00bbright top\u00bb bg_repeat=\u00bbno-repeat\u00bb bg_stretch=\u00bbtrue\u00bb video_color_mask=\u00bb#0086ac\u00bb video_opacity=\u00bb0.3&#8243; min_height=\u00bb440&#8243; js_vertical_centered=\u00bbtrue\u00bb padding_top=\u00bb0&#8243; padding_bottom=\u00bb60&#8243; sidebar=\u00bbsidebar-1&#8243;][vc_column][mk_padding_divider size=\u00bb60&#8243;][mk_fancy_title tag_name=\u00bbh5&#8243; color=\u00bb#0086ac\u00bb size=\u00bb35&#8243; line_height=\u00bb90&#8243; font_weight=\u00bbbold\u00bb txt_transform=\u00bbuppercase\u00bb margin_bottom=\u00bb0&#8243; font_family=\u00bbnone\u00bb]Dr. Matteo Famiglietti[\/mk_fancy_title][mk_fancy_title tag_name=\u00bbh1&#8243; color=\u00bb#0086ac\u00bb size=\u00bb95&#8243; force_font_size=\u00bbtrue\u00bb size_tablet=\u00bb45&#8243; line_height=\u00bb95&#8243; font_weight=\u00bbbold\u00bb txt_transform=\u00bbnone\u00bb margin_bottom=\u00bb0&#8243; font_family=\u00bbnone\u00bb]Rinoplastia[\/mk_fancy_title][\/vc_column][\/mk_page_section][vc_row fullwidth=\u00bbtrue\u00bb css=\u00bb.vc_custom_1725270143664{background-color: #263E64 !important;}\u00bb][vc_column][mk_padding_divider size=\u00bb15&#8243;][mk_fancy_title tag_name=\u00bbh5&#8243; color=\u00bb#ffffff\u00bb size=\u00bb46&#8243; line_height=\u00bb90&#8243; font_weight=\u00bb300&#8243; txt_transform=\u00bbuppercase\u00bb letter_spacing=\u00bb4&#8243; margin_bottom=\u00bb0&#8243; font_family=\u00bbJaldi\u00bb font_type=\u00bbgoogle\u00bb align=\u00bbcenter\u00bb]CIRUG\u00cdA FACIAL[\/mk_fancy_title][\/vc_column][\/vc_row][vc_row][vc_column][mk_padding_divider size=\u00bb58&#8243;][\/vc_column][\/vc_row][vc_row][vc_column][vc_column_text disable_pattern=\u00bbfalse\u00bb css=\u00bb.vc_custom_1726650339211{margin-bottom: [&hellip;]","og_url":"https:\/\/www.matteofamiglietti.com\/es\/rinoplastia\/","og_site_name":"Matteo Famiglietti","article_publisher":"https:\/\/www.facebook.com\/dottfamiglietti","article_modified_time":"2024-09-18T09:05:41+00:00","twitter_card":"summary_large_image","twitter_misc":{"Tiempo de lectura":"3 minutos"},"schema":{"@context":"https:\/\/schema.org","@graph":[{"@type":"WebPage","@id":"https:\/\/www.matteofamiglietti.com\/es\/rinoplastia\/","url":"https:\/\/www.matteofamiglietti.com\/es\/rinoplastia\/","name":"Rinoplastia - Matteo Famiglietti","isPartOf":{"@id":"https:\/\/www.matteofamiglietti.com\/es\/#website"},"datePublished":"2017-01-10T15:12:07+00:00","dateModified":"2024-09-18T09:05:41+00:00","breadcrumb":{"@id":"https:\/\/www.matteofamiglietti.com\/es\/rinoplastia\/#breadcrumb"},"inLanguage":"es","potentialAction":[{"@type":"ReadAction","target":["https:\/\/www.matteofamiglietti.com\/es\/rinoplastia\/"]}]},{"@type":"BreadcrumbList","@id":"https:\/\/www.matteofamiglietti.com\/es\/rinoplastia\/#breadcrumb","itemListElement":[{"@type":"ListItem","position":1,"name":"Home","item":"https:\/\/www.matteofamiglietti.com\/es\/"},{"@type":"ListItem","position":2,"name":"Rinoplastia"}]},{"@type":"WebSite","@id":"https:\/\/www.matteofamiglietti.com\/es\/#website","url":"https:\/\/www.matteofamiglietti.com\/es\/","name":"Matteo Famiglietti","description":"Specialista in Chirurgia Plastica Ricostruttiva ed Estetica","potentialAction":[{"@type":"SearchAction","target":{"@type":"EntryPoint","urlTemplate":"https:\/\/www.matteofamiglietti.com\/es\/?s={search_term_string}"},"query-input":{"@type":"PropertyValueSpecification","valueRequired":true,"valueName":"search_term_string"}}],"inLanguage":"es"}]}},"_links":{"self":[{"href":"https:\/\/www.matteofamiglietti.com\/es\/wp-json\/wp\/v2\/pages\/10280","targetHints":{"allow":["GET"]}}],"collection":[{"href":"https:\/\/www.matteofamiglietti.com\/es\/wp-json\/wp\/v2\/pages"}],"about":[{"href":"https:\/\/www.matteofamiglietti.com\/es\/wp-json\/wp\/v2\/types\/page"}],"author":[{"embeddable":true,"href":"https:\/\/www.matteofamiglietti.com\/es\/wp-json\/wp\/v2\/users\/1"}],"replies":[{"embeddable":true,"href":"https:\/\/www.matteofamiglietti.com\/es\/wp-json\/wp\/v2\/comments?post=10280"}],"version-history":[{"count":20,"href":"https:\/\/www.matteofamiglietti.com\/es\/wp-json\/wp\/v2\/pages\/10280\/revisions"}],"predecessor-version":[{"id":11454,"href":"https:\/\/www.matteofamiglietti.com\/es\/wp-json\/wp\/v2\/pages\/10280\/revisions\/11454"}],"wp:attachment":[{"href":"https:\/\/www.matteofamiglietti.com\/es\/wp-json\/wp\/v2\/media?parent=10280"}],"curies":[{"name":"wp","href":"https:\/\/api.w.org\/{rel}","templated":true}]}}