{"id":10243,"date":"2017-01-10T11:38:36","date_gmt":"2017-01-10T11:38:36","guid":{"rendered":"https:\/\/www.matteofamiglietti.com\/es\/?page_id=10243"},"modified":"2024-09-18T09:05:13","modified_gmt":"2024-09-18T09:05:13","slug":"blefaroplastia","status":"publish","type":"page","link":"https:\/\/www.matteofamiglietti.com\/es\/blefaroplastia\/","title":{"rendered":"Blefaroplastia"},"content":{"rendered":"<div class=\"wpb-content-wrapper\">[mk_page_section bg_image=\u00bbhttps:\/\/www.matteofamiglietti.com\/es\/wp-content\/uploads\/2017\/01\/8888.jpg\u00bb blend_mode=\u00bbmultiply\u00bb bg_position=\u00bbright top\u00bb bg_repeat=\u00bbno-repeat\u00bb bg_stretch=\u00bbtrue\u00bb video_color_mask=\u00bb#0086ac\u00bb video_opacity=\u00bb0.3&#8243; min_height=\u00bb440&#8243; js_vertical_centered=\u00bbtrue\u00bb padding_top=\u00bb0&#8243; padding_bottom=\u00bb60&#8243; sidebar=\u00bbsidebar-1&#8243;][vc_column][mk_padding_divider size=\u00bb53&#8243;][mk_fancy_title tag_name=\u00bbh5&#8243; color=\u00bb#0086ac\u00bb size=\u00bb35&#8243; line_height=\u00bb90&#8243; font_weight=\u00bbbold\u00bb txt_transform=\u00bbuppercase\u00bb margin_bottom=\u00bb0&#8243; font_family=\u00bbnone\u00bb]Dr. Matteo Famiglietti[\/mk_fancy_title][mk_fancy_title tag_name=\u00bbh1&#8243; color=\u00bb#0086ac\u00bb size=\u00bb95&#8243; force_font_size=\u00bbtrue\u00bb size_tablet=\u00bb45&#8243; line_height=\u00bb95&#8243; font_weight=\u00bbbold\u00bb txt_transform=\u00bbnone\u00bb margin_bottom=\u00bb0&#8243; font_family=\u00bbnone\u00bb]Blefaroplastia[\/mk_fancy_title][\/vc_column][\/mk_page_section][vc_row fullwidth=\u00bbtrue\u00bb css=\u00bb.vc_custom_1725269806692{background-color: #263E64 !important;}\u00bb][vc_column][mk_padding_divider size=\u00bb15&#8243;][mk_fancy_title tag_name=\u00bbh5&#8243; color=\u00bb#fcfcfc\u00bb size=\u00bb46&#8243; line_height=\u00bb90&#8243; font_weight=\u00bb300&#8243; txt_transform=\u00bbuppercase\u00bb letter_spacing=\u00bb4&#8243; margin_bottom=\u00bb0&#8243; font_family=\u00bbJaldi\u00bb font_type=\u00bbgoogle\u00bb align=\u00bbcenter\u00bb]CIRUG\u00cdA FACIAL[\/mk_fancy_title][\/vc_column][\/vc_row][vc_row][vc_column][mk_padding_divider size=\u00bb58&#8243;][\/vc_column][\/vc_row][vc_row][vc_column][vc_column_text disable_pattern=\u00bbfalse\u00bb css=\u00bb.vc_custom_1726650312386{margin-bottom: 0px !important;}\u00bb]La blefaroplastia es una cirug\u00eda que tiene por objetivo corregir las imperfecciones de los p\u00e1rpados superiores y\/o inferiores. Estas generalmente se presentan como exceso de piel y como bolsas de grasa.<\/p>\n<p>La ca\u00edda de la piel sobrante de los p\u00e1rpados superiores puede incluso interferir con la visi\u00f3n, representando no solo un problema est\u00e9tico sino tambi\u00e9n funcional.<\/p>\n<p>&nbsp;<\/p>\n<p><strong>PREOPERATORIO<\/strong><\/p>\n<p>Antes de la intervenci\u00f3n, el paciente deber\u00e1 someterse a una serie de pruebas m\u00e9dicas y an\u00e1lisis de laboratorio para valorar el\u00a0estado de salud general y confirmar que es apto para este tipo de intervenci\u00f3n. Estas pruebas incluyen an\u00e1lisis de sangre, electrocardiograma.<\/p>\n<p>Adem\u00e1s, dependiendo de los casos, puede ser necesaria una consulta oftalmol\u00f3gica.<\/p>\n<p>Asimismo, hay que informar a los sanitarios de los tratamientos farmacol\u00f3gicos\u00a0actuales y sobre cualquier alergia.<\/p>\n<p>Se recomienda evitar tomar medicamentos antiinflamatorios tipo aspirina y derivados una semana antes de la cirug\u00eda y dejar de fumar 20 d\u00edas antes.<\/p>\n<p>&nbsp;<\/p>\n<p><strong>INTERVENCI\u00d3N<\/strong><\/p>\n<p>La blefaroplastia es una operaci\u00f3n ambulatoria, se puede realizar en anestesia local, local con sedaci\u00f3n o general, dependiendo de la magnitud de la cirug\u00eda, y suele durar 30-45 minutos por los p\u00e1rpados superiores y 30-45 minutos por los inferiores.<\/p>\n<p>La intervenci\u00f3n se lleva a cabo retirando el exceso de piel y extraendo la grasa sobrante de las bolsas palpebrales. A veces, en los p\u00e1rpados inferiores puede ser apropiado transponer la grasa de las bolsas para colocarlas por encima de los surcos palpebrales, con el fin de rellenarlos.<\/p>\n<p>Las cicatrices, apenas visibles, se localizan en el p\u00e1rpado superior a nivel del surco palpebral, y en el p\u00e1rpado inferior a nivel subciliar, o sea, justo debajo de las pesta\u00f1as, o a nivel transconjuntival, dependiendo de la t\u00e9cnica utilizada.<\/p>\n<p>&nbsp;<\/p>\n<p><strong>CUIDADOS POSTOPERATORIOS<\/strong><\/p>\n<p>En los d\u00edas siguientes a la intervenci\u00f3n ser\u00e1 recomendable dormir con la cabeza elevada.<\/p>\n<p>La hinchaz\u00f3n y los moretones en la regi\u00f3n periocular pueden persistir durante aproximadamente 1-2 semanas.<\/p>\n<p>Las actividades normales se pueden reanudar despu\u00e9s de una semana, el deporte despu\u00e9s de 2-3 semanas.<\/p>\n<p>En general, se recomienda evitar exponer una cicatriz al sol directo durante los primeros 6 meses despu\u00e9s de la cirug\u00eda sin protecci\u00f3n, sobre todo en las horas pico. Por lo tanto, utilizar gafas de sol\/protector solar con factor de protecci\u00f3n alto es fundamental.<\/p>\n<p>Es aconsejable dejar de fumar durante 20 d\u00edas despu\u00e9s de la cirug\u00eda, ya que esto aumenta el riesgo de complicaciones y puede causar un retraso en la cicatrizaci\u00f3n.[\/vc_column_text][\/vc_column][\/vc_row][vc_row][vc_column][mk_padding_divider size=\u00bb50&#8243;][\/vc_column][\/vc_row]\n<\/div>","protected":false},"excerpt":{"rendered":"<p>[mk_page_section bg_image=\u00bbhttps:\/\/www.matteofamiglietti.com\/es\/wp-content\/uploads\/2017\/01\/8888.jpg\u00bb blend_mode=\u00bbmultiply\u00bb bg_position=\u00bbright top\u00bb bg_repeat=\u00bbno-repeat\u00bb bg_stretch=\u00bbtrue\u00bb video_color_mask=\u00bb#0086ac\u00bb video_opacity=\u00bb0.3&#8243; min_height=\u00bb440&#8243; js_vertical_centered=\u00bbtrue\u00bb padding_top=\u00bb0&#8243; padding_bottom=\u00bb60&#8243; sidebar=\u00bbsidebar-1&#8243;][vc_column][mk_padding_divider size=\u00bb53&#8243;][mk_fancy_title tag_name=\u00bbh5&#8243; color=\u00bb#0086ac\u00bb size=\u00bb35&#8243; line_height=\u00bb90&#8243; font_weight=\u00bbbold\u00bb txt_transform=\u00bbuppercase\u00bb margin_bottom=\u00bb0&#8243; font_family=\u00bbnone\u00bb]Dr. Matteo Famiglietti[\/mk_fancy_title][mk_fancy_title tag_name=\u00bbh1&#8243; color=\u00bb#0086ac\u00bb size=\u00bb95&#8243; force_font_size=\u00bbtrue\u00bb size_tablet=\u00bb45&#8243; line_height=\u00bb95&#8243; font_weight=\u00bbbold\u00bb txt_transform=\u00bbnone\u00bb margin_bottom=\u00bb0&#8243; font_family=\u00bbnone\u00bb]Blefaroplastia[\/mk_fancy_title][\/vc_column][\/mk_page_section][vc_row fullwidth=\u00bbtrue\u00bb css=\u00bb.vc_custom_1725269806692{background-color: #263E64 !important;}\u00bb][vc_column][mk_padding_divider size=\u00bb15&#8243;][mk_fancy_title tag_name=\u00bbh5&#8243; color=\u00bb#fcfcfc\u00bb size=\u00bb46&#8243; line_height=\u00bb90&#8243; font_weight=\u00bb300&#8243; txt_transform=\u00bbuppercase\u00bb letter_spacing=\u00bb4&#8243; margin_bottom=\u00bb0&#8243; font_family=\u00bbJaldi\u00bb font_type=\u00bbgoogle\u00bb align=\u00bbcenter\u00bb]CIRUG\u00cdA FACIAL[\/mk_fancy_title][\/vc_column][\/vc_row][vc_row][vc_column][mk_padding_divider size=\u00bb58&#8243;][\/vc_column][\/vc_row][vc_row][vc_column][vc_column_text disable_pattern=\u00bbfalse\u00bb css=\u00bb.vc_custom_1726650312386{margin-bottom: [&hellip;]<\/p>\n","protected":false},"author":1,"featured_media":0,"parent":0,"menu_order":0,"comment_status":"closed","ping_status":"closed","template":"","meta":{"footnotes":""},"class_list":["post-10243","page","type-page","status-publish","hentry"],"yoast_head":"<!-- This site is optimized with the Yoast SEO plugin v27.4 - https:\/\/yoast.com\/product\/yoast-seo-wordpress\/ -->\n<title>Blefaroplastia - Matteo Famiglietti<\/title>\n<meta name=\"robots\" content=\"index, follow, max-snippet:-1, max-image-preview:large, max-video-preview:-1\" \/>\n<link rel=\"canonical\" href=\"https:\/\/www.matteofamiglietti.com\/es\/blefaroplastia\/\" \/>\n<meta property=\"og:locale\" content=\"es_ES\" \/>\n<meta property=\"og:type\" content=\"article\" \/>\n<meta property=\"og:title\" content=\"Blefaroplastia - Matteo Famiglietti\" \/>\n<meta property=\"og:description\" content=\"[mk_page_section bg_image=\u00bbhttps:\/\/www.matteofamiglietti.com\/es\/wp-content\/uploads\/2017\/01\/8888.jpg\u00bb blend_mode=\u00bbmultiply\u00bb bg_position=\u00bbright top\u00bb bg_repeat=\u00bbno-repeat\u00bb bg_stretch=\u00bbtrue\u00bb video_color_mask=\u00bb#0086ac\u00bb video_opacity=\u00bb0.3&#8243; min_height=\u00bb440&#8243; js_vertical_centered=\u00bbtrue\u00bb padding_top=\u00bb0&#8243; padding_bottom=\u00bb60&#8243; sidebar=\u00bbsidebar-1&#8243;][vc_column][mk_padding_divider size=\u00bb53&#8243;][mk_fancy_title tag_name=\u00bbh5&#8243; color=\u00bb#0086ac\u00bb size=\u00bb35&#8243; line_height=\u00bb90&#8243; font_weight=\u00bbbold\u00bb txt_transform=\u00bbuppercase\u00bb margin_bottom=\u00bb0&#8243; font_family=\u00bbnone\u00bb]Dr. Matteo Famiglietti[\/mk_fancy_title][mk_fancy_title tag_name=\u00bbh1&#8243; color=\u00bb#0086ac\u00bb size=\u00bb95&#8243; force_font_size=\u00bbtrue\u00bb size_tablet=\u00bb45&#8243; line_height=\u00bb95&#8243; font_weight=\u00bbbold\u00bb txt_transform=\u00bbnone\u00bb margin_bottom=\u00bb0&#8243; font_family=\u00bbnone\u00bb]Blefaroplastia[\/mk_fancy_title][\/vc_column][\/mk_page_section][vc_row fullwidth=\u00bbtrue\u00bb css=\u00bb.vc_custom_1725269806692{background-color: #263E64 !important;}\u00bb][vc_column][mk_padding_divider size=\u00bb15&#8243;][mk_fancy_title tag_name=\u00bbh5&#8243; color=\u00bb#fcfcfc\u00bb size=\u00bb46&#8243; line_height=\u00bb90&#8243; font_weight=\u00bb300&#8243; txt_transform=\u00bbuppercase\u00bb letter_spacing=\u00bb4&#8243; margin_bottom=\u00bb0&#8243; font_family=\u00bbJaldi\u00bb font_type=\u00bbgoogle\u00bb align=\u00bbcenter\u00bb]CIRUG\u00cdA FACIAL[\/mk_fancy_title][\/vc_column][\/vc_row][vc_row][vc_column][mk_padding_divider size=\u00bb58&#8243;][\/vc_column][\/vc_row][vc_row][vc_column][vc_column_text disable_pattern=\u00bbfalse\u00bb css=\u00bb.vc_custom_1726650312386{margin-bottom: [&hellip;]\" \/>\n<meta property=\"og:url\" content=\"https:\/\/www.matteofamiglietti.com\/es\/blefaroplastia\/\" \/>\n<meta property=\"og:site_name\" content=\"Matteo Famiglietti\" \/>\n<meta property=\"article:publisher\" content=\"https:\/\/www.facebook.com\/dottfamiglietti\" \/>\n<meta property=\"article:modified_time\" content=\"2024-09-18T09:05:13+00:00\" \/>\n<meta name=\"twitter:card\" content=\"summary_large_image\" \/>\n<meta name=\"twitter:label1\" content=\"Tiempo de lectura\" \/>\n\t<meta name=\"twitter:data1\" content=\"3 minutos\" \/>\n<script type=\"application\/ld+json\" class=\"yoast-schema-graph\">{\"@context\":\"https:\\\/\\\/schema.org\",\"@graph\":[{\"@type\":\"WebPage\",\"@id\":\"https:\\\/\\\/www.matteofamiglietti.com\\\/es\\\/blefaroplastia\\\/\",\"url\":\"https:\\\/\\\/www.matteofamiglietti.com\\\/es\\\/blefaroplastia\\\/\",\"name\":\"Blefaroplastia - Matteo Famiglietti\",\"isPartOf\":{\"@id\":\"https:\\\/\\\/www.matteofamiglietti.com\\\/es\\\/#website\"},\"datePublished\":\"2017-01-10T11:38:36+00:00\",\"dateModified\":\"2024-09-18T09:05:13+00:00\",\"breadcrumb\":{\"@id\":\"https:\\\/\\\/www.matteofamiglietti.com\\\/es\\\/blefaroplastia\\\/#breadcrumb\"},\"inLanguage\":\"es\",\"potentialAction\":[{\"@type\":\"ReadAction\",\"target\":[\"https:\\\/\\\/www.matteofamiglietti.com\\\/es\\\/blefaroplastia\\\/\"]}]},{\"@type\":\"BreadcrumbList\",\"@id\":\"https:\\\/\\\/www.matteofamiglietti.com\\\/es\\\/blefaroplastia\\\/#breadcrumb\",\"itemListElement\":[{\"@type\":\"ListItem\",\"position\":1,\"name\":\"Home\",\"item\":\"https:\\\/\\\/www.matteofamiglietti.com\\\/es\\\/\"},{\"@type\":\"ListItem\",\"position\":2,\"name\":\"Blefaroplastia\"}]},{\"@type\":\"WebSite\",\"@id\":\"https:\\\/\\\/www.matteofamiglietti.com\\\/es\\\/#website\",\"url\":\"https:\\\/\\\/www.matteofamiglietti.com\\\/es\\\/\",\"name\":\"Matteo Famiglietti\",\"description\":\"Specialista in Chirurgia Plastica Ricostruttiva ed Estetica\",\"potentialAction\":[{\"@type\":\"SearchAction\",\"target\":{\"@type\":\"EntryPoint\",\"urlTemplate\":\"https:\\\/\\\/www.matteofamiglietti.com\\\/es\\\/?s={search_term_string}\"},\"query-input\":{\"@type\":\"PropertyValueSpecification\",\"valueRequired\":true,\"valueName\":\"search_term_string\"}}],\"inLanguage\":\"es\"}]}<\/script>\n<!-- \/ Yoast SEO plugin. -->","yoast_head_json":{"title":"Blefaroplastia - Matteo Famiglietti","robots":{"index":"index","follow":"follow","max-snippet":"max-snippet:-1","max-image-preview":"max-image-preview:large","max-video-preview":"max-video-preview:-1"},"canonical":"https:\/\/www.matteofamiglietti.com\/es\/blefaroplastia\/","og_locale":"es_ES","og_type":"article","og_title":"Blefaroplastia - Matteo Famiglietti","og_description":"[mk_page_section bg_image=\u00bbhttps:\/\/www.matteofamiglietti.com\/es\/wp-content\/uploads\/2017\/01\/8888.jpg\u00bb blend_mode=\u00bbmultiply\u00bb bg_position=\u00bbright top\u00bb bg_repeat=\u00bbno-repeat\u00bb bg_stretch=\u00bbtrue\u00bb video_color_mask=\u00bb#0086ac\u00bb video_opacity=\u00bb0.3&#8243; min_height=\u00bb440&#8243; js_vertical_centered=\u00bbtrue\u00bb padding_top=\u00bb0&#8243; padding_bottom=\u00bb60&#8243; sidebar=\u00bbsidebar-1&#8243;][vc_column][mk_padding_divider size=\u00bb53&#8243;][mk_fancy_title tag_name=\u00bbh5&#8243; color=\u00bb#0086ac\u00bb size=\u00bb35&#8243; line_height=\u00bb90&#8243; font_weight=\u00bbbold\u00bb txt_transform=\u00bbuppercase\u00bb margin_bottom=\u00bb0&#8243; font_family=\u00bbnone\u00bb]Dr. Matteo Famiglietti[\/mk_fancy_title][mk_fancy_title tag_name=\u00bbh1&#8243; color=\u00bb#0086ac\u00bb size=\u00bb95&#8243; force_font_size=\u00bbtrue\u00bb size_tablet=\u00bb45&#8243; line_height=\u00bb95&#8243; font_weight=\u00bbbold\u00bb txt_transform=\u00bbnone\u00bb margin_bottom=\u00bb0&#8243; font_family=\u00bbnone\u00bb]Blefaroplastia[\/mk_fancy_title][\/vc_column][\/mk_page_section][vc_row fullwidth=\u00bbtrue\u00bb css=\u00bb.vc_custom_1725269806692{background-color: #263E64 !important;}\u00bb][vc_column][mk_padding_divider size=\u00bb15&#8243;][mk_fancy_title tag_name=\u00bbh5&#8243; color=\u00bb#fcfcfc\u00bb size=\u00bb46&#8243; line_height=\u00bb90&#8243; font_weight=\u00bb300&#8243; txt_transform=\u00bbuppercase\u00bb letter_spacing=\u00bb4&#8243; margin_bottom=\u00bb0&#8243; font_family=\u00bbJaldi\u00bb font_type=\u00bbgoogle\u00bb align=\u00bbcenter\u00bb]CIRUG\u00cdA FACIAL[\/mk_fancy_title][\/vc_column][\/vc_row][vc_row][vc_column][mk_padding_divider size=\u00bb58&#8243;][\/vc_column][\/vc_row][vc_row][vc_column][vc_column_text disable_pattern=\u00bbfalse\u00bb css=\u00bb.vc_custom_1726650312386{margin-bottom: [&hellip;]","og_url":"https:\/\/www.matteofamiglietti.com\/es\/blefaroplastia\/","og_site_name":"Matteo Famiglietti","article_publisher":"https:\/\/www.facebook.com\/dottfamiglietti","article_modified_time":"2024-09-18T09:05:13+00:00","twitter_card":"summary_large_image","twitter_misc":{"Tiempo de lectura":"3 minutos"},"schema":{"@context":"https:\/\/schema.org","@graph":[{"@type":"WebPage","@id":"https:\/\/www.matteofamiglietti.com\/es\/blefaroplastia\/","url":"https:\/\/www.matteofamiglietti.com\/es\/blefaroplastia\/","name":"Blefaroplastia - Matteo Famiglietti","isPartOf":{"@id":"https:\/\/www.matteofamiglietti.com\/es\/#website"},"datePublished":"2017-01-10T11:38:36+00:00","dateModified":"2024-09-18T09:05:13+00:00","breadcrumb":{"@id":"https:\/\/www.matteofamiglietti.com\/es\/blefaroplastia\/#breadcrumb"},"inLanguage":"es","potentialAction":[{"@type":"ReadAction","target":["https:\/\/www.matteofamiglietti.com\/es\/blefaroplastia\/"]}]},{"@type":"BreadcrumbList","@id":"https:\/\/www.matteofamiglietti.com\/es\/blefaroplastia\/#breadcrumb","itemListElement":[{"@type":"ListItem","position":1,"name":"Home","item":"https:\/\/www.matteofamiglietti.com\/es\/"},{"@type":"ListItem","position":2,"name":"Blefaroplastia"}]},{"@type":"WebSite","@id":"https:\/\/www.matteofamiglietti.com\/es\/#website","url":"https:\/\/www.matteofamiglietti.com\/es\/","name":"Matteo Famiglietti","description":"Specialista in Chirurgia Plastica Ricostruttiva ed Estetica","potentialAction":[{"@type":"SearchAction","target":{"@type":"EntryPoint","urlTemplate":"https:\/\/www.matteofamiglietti.com\/es\/?s={search_term_string}"},"query-input":{"@type":"PropertyValueSpecification","valueRequired":true,"valueName":"search_term_string"}}],"inLanguage":"es"}]}},"_links":{"self":[{"href":"https:\/\/www.matteofamiglietti.com\/es\/wp-json\/wp\/v2\/pages\/10243","targetHints":{"allow":["GET"]}}],"collection":[{"href":"https:\/\/www.matteofamiglietti.com\/es\/wp-json\/wp\/v2\/pages"}],"about":[{"href":"https:\/\/www.matteofamiglietti.com\/es\/wp-json\/wp\/v2\/types\/page"}],"author":[{"embeddable":true,"href":"https:\/\/www.matteofamiglietti.com\/es\/wp-json\/wp\/v2\/users\/1"}],"replies":[{"embeddable":true,"href":"https:\/\/www.matteofamiglietti.com\/es\/wp-json\/wp\/v2\/comments?post=10243"}],"version-history":[{"count":68,"href":"https:\/\/www.matteofamiglietti.com\/es\/wp-json\/wp\/v2\/pages\/10243\/revisions"}],"predecessor-version":[{"id":11453,"href":"https:\/\/www.matteofamiglietti.com\/es\/wp-json\/wp\/v2\/pages\/10243\/revisions\/11453"}],"wp:attachment":[{"href":"https:\/\/www.matteofamiglietti.com\/es\/wp-json\/wp\/v2\/media?parent=10243"}],"curies":[{"name":"wp","href":"https:\/\/api.w.org\/{rel}","templated":true}]}}