{"id":10236,"date":"2017-01-10T11:27:05","date_gmt":"2017-01-10T11:27:05","guid":{"rendered":"https:\/\/www.matteofamiglietti.com\/es\/?page_id=10236"},"modified":"2025-12-29T16:27:01","modified_gmt":"2025-12-29T16:27:01","slug":"ginecomastia","status":"publish","type":"page","link":"https:\/\/www.matteofamiglietti.com\/es\/ginecomastia\/","title":{"rendered":"Ginecomastia"},"content":{"rendered":"<div class=\"wpb-content-wrapper\">[mk_page_section bg_image=\u00bbhttps:\/\/www.matteofamiglietti.com\/es\/wp-content\/uploads\/2017\/01\/uomo333.jpg\u00bb blend_mode=\u00bbmultiply\u00bb bg_position=\u00bbright top\u00bb bg_repeat=\u00bbno-repeat\u00bb bg_stretch=\u00bbtrue\u00bb video_color_mask=\u00bb#0086ac\u00bb video_opacity=\u00bb0.3&#8243; min_height=\u00bb440&#8243; js_vertical_centered=\u00bbtrue\u00bb padding_top=\u00bb0&#8243; padding_bottom=\u00bb60&#8243; sidebar=\u00bbsidebar-1&#8243;][vc_column][mk_padding_divider size=\u00bb53&#8243;][mk_fancy_title tag_name=\u00bbh5&#8243; color=\u00bb#0086ac\u00bb size=\u00bb35&#8243; line_height=\u00bb90&#8243; font_weight=\u00bbbold\u00bb txt_transform=\u00bbuppercase\u00bb margin_bottom=\u00bb0&#8243; font_family=\u00bbnone\u00bb align=\u00bbright\u00bb]Dr. Matteo Famiglietti[\/mk_fancy_title][mk_fancy_title tag_name=\u00bbh1&#8243; color=\u00bb#0086ac\u00bb size=\u00bb95&#8243; force_font_size=\u00bbtrue\u00bb size_tablet=\u00bb45&#8243; line_height=\u00bb95&#8243; font_weight=\u00bbbold\u00bb txt_transform=\u00bbnone\u00bb margin_bottom=\u00bb0&#8243; font_family=\u00bbnone\u00bb align=\u00bbright\u00bb]Ginecomastia[\/mk_fancy_title][\/vc_column][\/mk_page_section][vc_row fullwidth=\u00bbtrue\u00bb css=\u00bb.vc_custom_1725270894338{background-color: #263E64 !important;}\u00bb][vc_column][mk_padding_divider size=\u00bb15&#8243;][mk_fancy_title tag_name=\u00bbh5&#8243; color=\u00bb#ffffff\u00bb size=\u00bb46&#8243; line_height=\u00bb90&#8243; font_weight=\u00bb300&#8243; txt_transform=\u00bbuppercase\u00bb letter_spacing=\u00bb4&#8243; margin_bottom=\u00bb0&#8243; font_family=\u00bbJaldi\u00bb font_type=\u00bbgoogle\u00bb align=\u00bbcenter\u00bb]CIRUG\u00cdA DE MAMA[\/mk_fancy_title][\/vc_column][\/vc_row][vc_row][vc_column][mk_padding_divider size=\u00bb58&#8243;][\/vc_column][\/vc_row][vc_row][vc_column][vc_column_text disable_pattern=\u00bbfalse\u00bb css=\u00bb.vc_custom_1726650522545{margin-bottom: 0px !important;}\u00bb]La ginecomastia es una afecci\u00f3n caracterizada por un aumento volum\u00e9trico en una o ambas gl\u00e1ndulas mamarias en los hombres (ginecomastia verdadera), aunque en la mayor\u00eda de los casos hay tanto aumento de la gl\u00e1ndula mamaria como acumulaci\u00f3n de grasa (ginecomastia mixta). El desarrollo del componente glandular puede ser el resultado de causas farmacol\u00f3gicas, hormonales, sist\u00e9micas o neopl\u00e1sicas. Sin embargo, lo m\u00e1s frecuente es que sea sin causa aparente (ginecomastia idiop\u00e1tica).<\/p>\n<p>La cirug\u00eda tiene como objetivo reducir el volumen de los senos mediante la eliminaci\u00f3n del exceso de tejidos, para darle al pecho una apariencia m\u00e1s masculina.<\/p>\n<p>En los j\u00f3venes, es preferible esperar a la finalizaci\u00f3n de la pubertad porque durante esta fase un aumento en el tama\u00f1o y la consistencia de la gl\u00e1ndula mamaria puede ser fisiol\u00f3gico y temporal.<\/p>\n<p>&nbsp;<\/p>\n<p><strong>PREOPERATORIO<\/strong><\/p>\n<p>Antes de la intervenci\u00f3n, el paciente deber\u00e1 someterse a una serie de pruebas m\u00e9dicas y an\u00e1lisis de laboratorio para valorar el\u00a0estado de salud general y confirmar que es apto para este tipo de intervenci\u00f3n. Estas pruebas incluyen ecograf\u00eda mamaria, an\u00e1lisis de sangre con posible determinaciones hormonales, electrocardiograma.<\/p>\n<p>Asimismo, hay que informar a los sanitarios de los tratamientos farmacol\u00f3gicos\u00a0actuales y suplementos y sobre cualquier alergia.<\/p>\n<p>Se recomienda evitar tomar medicamentos antiinflamatorios tipo aspirina y derivados una semana antes de la cirug\u00eda y dejar de fumar 20 d\u00edas antes.<\/p>\n<p>&nbsp;<\/p>\n<p><strong>INTERVENCI\u00d3N<\/strong><\/p>\n<p>La cirug\u00eda puede durar entre 1 y 2 horas, dependiendo del caso, y por lo general no necesita hospitalizaci\u00f3n. Se puede realizar bajo anestesia local, local con sedaci\u00f3n o anestesia general dependiendo del tama\u00f1o de las mamas.<\/p>\n<p>El exceso de grasa se reduce mediante liposucci\u00f3n, mientras que el componente glandular se extirpa mediante una adenectom\u00eda con cicatriz hemiareolar. En el caso de mamas muy grandes, tambi\u00e9n es necesario resecar quir\u00fargicamente el exceso de piel con una cicatriz periareolar, periareolar y vertical o, en los casos m\u00e1s graves, incluso con una cicatriz a nivel del surco inframamario.<\/p>\n<p>&nbsp;<\/p>\n<p><strong>CUIDADOS POSTOPERATORIOS<\/strong><\/p>\n<p>El paciente tendr\u00e1 que usar una faja de compresi\u00f3n las 24hs del d\u00eda durante el primer mes.<\/p>\n<p>Es recomendable no intentar subir los brazos por encima de la cabeza durante las primeras 2 semanas y evitar cargar pesos excesivos.<\/p>\n<p>Dependiendo de cu\u00e1n extensa ha sido la cirug\u00eda, puede requerir\u00a0entre una semana o dos\u00a0para regresar al trabajo y a las labores cotidianas, siempre y cuando no impliquen esfuerzo f\u00edsico.\u00a0 Tr\u00e1s 10-14 d\u00edas es posible volver a conducir.<\/p>\n<p>Durante 4 semanas se debe evitar la actividad deportiva, as\u00ed como la exposici\u00f3n a fuentes de calor excesivas (por ejemplo, sauna, ba\u00f1o turco).<\/p>\n<p>En general, se recomienda evitar exponer una cicatriz al sol directo durante los primeros 6 meses despu\u00e9s de la cirug\u00eda sin protecci\u00f3n, sobre todo en las horas pico. Por lo tanto, cubrir las cicatrices y\/o utilizar protector solar con factor de protecci\u00f3n alto es fundamental.<\/p>\n<p>Es aconsejable dejar de fumar durante 20 d\u00edas despu\u00e9s de la cirug\u00eda, ya que esto aumenta el riesgo de complicaciones y puede causar un retraso en la cicatrizaci\u00f3n.[\/vc_column_text][\/vc_column][\/vc_row][vc_row][vc_column][mk_padding_divider size=\u00bb50&#8243;][\/vc_column][\/vc_row]\n<\/div>","protected":false},"excerpt":{"rendered":"<p>[mk_page_section bg_image=\u00bbhttps:\/\/www.matteofamiglietti.com\/es\/wp-content\/uploads\/2017\/01\/uomo333.jpg\u00bb blend_mode=\u00bbmultiply\u00bb bg_position=\u00bbright top\u00bb bg_repeat=\u00bbno-repeat\u00bb bg_stretch=\u00bbtrue\u00bb video_color_mask=\u00bb#0086ac\u00bb video_opacity=\u00bb0.3&#8243; min_height=\u00bb440&#8243; js_vertical_centered=\u00bbtrue\u00bb padding_top=\u00bb0&#8243; padding_bottom=\u00bb60&#8243; sidebar=\u00bbsidebar-1&#8243;][vc_column][mk_padding_divider size=\u00bb53&#8243;][mk_fancy_title tag_name=\u00bbh5&#8243; color=\u00bb#0086ac\u00bb size=\u00bb35&#8243; line_height=\u00bb90&#8243; font_weight=\u00bbbold\u00bb txt_transform=\u00bbuppercase\u00bb margin_bottom=\u00bb0&#8243; font_family=\u00bbnone\u00bb align=\u00bbright\u00bb]Dr. Matteo Famiglietti[\/mk_fancy_title][mk_fancy_title tag_name=\u00bbh1&#8243; color=\u00bb#0086ac\u00bb size=\u00bb95&#8243; force_font_size=\u00bbtrue\u00bb size_tablet=\u00bb45&#8243; line_height=\u00bb95&#8243; font_weight=\u00bbbold\u00bb txt_transform=\u00bbnone\u00bb margin_bottom=\u00bb0&#8243; font_family=\u00bbnone\u00bb align=\u00bbright\u00bb]Ginecomastia[\/mk_fancy_title][\/vc_column][\/mk_page_section][vc_row fullwidth=\u00bbtrue\u00bb css=\u00bb.vc_custom_1725270894338{background-color: #263E64 !important;}\u00bb][vc_column][mk_padding_divider size=\u00bb15&#8243;][mk_fancy_title tag_name=\u00bbh5&#8243; color=\u00bb#ffffff\u00bb size=\u00bb46&#8243; line_height=\u00bb90&#8243; font_weight=\u00bb300&#8243; txt_transform=\u00bbuppercase\u00bb letter_spacing=\u00bb4&#8243; margin_bottom=\u00bb0&#8243; font_family=\u00bbJaldi\u00bb font_type=\u00bbgoogle\u00bb align=\u00bbcenter\u00bb]CIRUG\u00cdA DE MAMA[\/mk_fancy_title][\/vc_column][\/vc_row][vc_row][vc_column][mk_padding_divider [&hellip;]<\/p>\n","protected":false},"author":1,"featured_media":0,"parent":0,"menu_order":0,"comment_status":"closed","ping_status":"closed","template":"","meta":{"footnotes":""},"class_list":["post-10236","page","type-page","status-publish","hentry"],"yoast_head":"<!-- This site is optimized with the Yoast SEO plugin v27.4 - https:\/\/yoast.com\/product\/yoast-seo-wordpress\/ -->\n<title>Ginecomastia - Matteo Famiglietti<\/title>\n<meta name=\"robots\" content=\"index, follow, max-snippet:-1, max-image-preview:large, max-video-preview:-1\" \/>\n<link rel=\"canonical\" href=\"https:\/\/www.matteofamiglietti.com\/es\/ginecomastia\/\" \/>\n<meta property=\"og:locale\" content=\"es_ES\" \/>\n<meta property=\"og:type\" content=\"article\" \/>\n<meta property=\"og:title\" content=\"Ginecomastia - Matteo Famiglietti\" \/>\n<meta property=\"og:description\" content=\"[mk_page_section bg_image=\u00bbhttps:\/\/www.matteofamiglietti.com\/es\/wp-content\/uploads\/2017\/01\/uomo333.jpg\u00bb blend_mode=\u00bbmultiply\u00bb bg_position=\u00bbright top\u00bb bg_repeat=\u00bbno-repeat\u00bb bg_stretch=\u00bbtrue\u00bb video_color_mask=\u00bb#0086ac\u00bb video_opacity=\u00bb0.3&#8243; min_height=\u00bb440&#8243; js_vertical_centered=\u00bbtrue\u00bb padding_top=\u00bb0&#8243; padding_bottom=\u00bb60&#8243; sidebar=\u00bbsidebar-1&#8243;][vc_column][mk_padding_divider size=\u00bb53&#8243;][mk_fancy_title tag_name=\u00bbh5&#8243; color=\u00bb#0086ac\u00bb size=\u00bb35&#8243; line_height=\u00bb90&#8243; font_weight=\u00bbbold\u00bb txt_transform=\u00bbuppercase\u00bb margin_bottom=\u00bb0&#8243; font_family=\u00bbnone\u00bb align=\u00bbright\u00bb]Dr. Matteo Famiglietti[\/mk_fancy_title][mk_fancy_title tag_name=\u00bbh1&#8243; color=\u00bb#0086ac\u00bb size=\u00bb95&#8243; force_font_size=\u00bbtrue\u00bb size_tablet=\u00bb45&#8243; line_height=\u00bb95&#8243; font_weight=\u00bbbold\u00bb txt_transform=\u00bbnone\u00bb margin_bottom=\u00bb0&#8243; font_family=\u00bbnone\u00bb align=\u00bbright\u00bb]Ginecomastia[\/mk_fancy_title][\/vc_column][\/mk_page_section][vc_row fullwidth=\u00bbtrue\u00bb css=\u00bb.vc_custom_1725270894338{background-color: #263E64 !important;}\u00bb][vc_column][mk_padding_divider size=\u00bb15&#8243;][mk_fancy_title tag_name=\u00bbh5&#8243; color=\u00bb#ffffff\u00bb size=\u00bb46&#8243; line_height=\u00bb90&#8243; font_weight=\u00bb300&#8243; txt_transform=\u00bbuppercase\u00bb letter_spacing=\u00bb4&#8243; margin_bottom=\u00bb0&#8243; font_family=\u00bbJaldi\u00bb font_type=\u00bbgoogle\u00bb align=\u00bbcenter\u00bb]CIRUG\u00cdA DE MAMA[\/mk_fancy_title][\/vc_column][\/vc_row][vc_row][vc_column][mk_padding_divider [&hellip;]\" \/>\n<meta property=\"og:url\" content=\"https:\/\/www.matteofamiglietti.com\/es\/ginecomastia\/\" \/>\n<meta property=\"og:site_name\" content=\"Matteo Famiglietti\" \/>\n<meta property=\"article:publisher\" content=\"https:\/\/www.facebook.com\/dottfamiglietti\" \/>\n<meta property=\"article:modified_time\" content=\"2025-12-29T16:27:01+00:00\" \/>\n<meta name=\"twitter:card\" content=\"summary_large_image\" \/>\n<meta name=\"twitter:label1\" content=\"Tiempo de lectura\" \/>\n\t<meta name=\"twitter:data1\" content=\"3 minutos\" \/>\n<script type=\"application\/ld+json\" class=\"yoast-schema-graph\">{\"@context\":\"https:\\\/\\\/schema.org\",\"@graph\":[{\"@type\":\"WebPage\",\"@id\":\"https:\\\/\\\/www.matteofamiglietti.com\\\/es\\\/ginecomastia\\\/\",\"url\":\"https:\\\/\\\/www.matteofamiglietti.com\\\/es\\\/ginecomastia\\\/\",\"name\":\"Ginecomastia - Matteo Famiglietti\",\"isPartOf\":{\"@id\":\"https:\\\/\\\/www.matteofamiglietti.com\\\/es\\\/#website\"},\"datePublished\":\"2017-01-10T11:27:05+00:00\",\"dateModified\":\"2025-12-29T16:27:01+00:00\",\"breadcrumb\":{\"@id\":\"https:\\\/\\\/www.matteofamiglietti.com\\\/es\\\/ginecomastia\\\/#breadcrumb\"},\"inLanguage\":\"es\",\"potentialAction\":[{\"@type\":\"ReadAction\",\"target\":[\"https:\\\/\\\/www.matteofamiglietti.com\\\/es\\\/ginecomastia\\\/\"]}]},{\"@type\":\"BreadcrumbList\",\"@id\":\"https:\\\/\\\/www.matteofamiglietti.com\\\/es\\\/ginecomastia\\\/#breadcrumb\",\"itemListElement\":[{\"@type\":\"ListItem\",\"position\":1,\"name\":\"Home\",\"item\":\"https:\\\/\\\/www.matteofamiglietti.com\\\/es\\\/\"},{\"@type\":\"ListItem\",\"position\":2,\"name\":\"Ginecomastia\"}]},{\"@type\":\"WebSite\",\"@id\":\"https:\\\/\\\/www.matteofamiglietti.com\\\/es\\\/#website\",\"url\":\"https:\\\/\\\/www.matteofamiglietti.com\\\/es\\\/\",\"name\":\"Matteo Famiglietti\",\"description\":\"Specialista in Chirurgia Plastica Ricostruttiva ed Estetica\",\"potentialAction\":[{\"@type\":\"SearchAction\",\"target\":{\"@type\":\"EntryPoint\",\"urlTemplate\":\"https:\\\/\\\/www.matteofamiglietti.com\\\/es\\\/?s={search_term_string}\"},\"query-input\":{\"@type\":\"PropertyValueSpecification\",\"valueRequired\":true,\"valueName\":\"search_term_string\"}}],\"inLanguage\":\"es\"}]}<\/script>\n<!-- \/ Yoast SEO plugin. -->","yoast_head_json":{"title":"Ginecomastia - Matteo Famiglietti","robots":{"index":"index","follow":"follow","max-snippet":"max-snippet:-1","max-image-preview":"max-image-preview:large","max-video-preview":"max-video-preview:-1"},"canonical":"https:\/\/www.matteofamiglietti.com\/es\/ginecomastia\/","og_locale":"es_ES","og_type":"article","og_title":"Ginecomastia - Matteo Famiglietti","og_description":"[mk_page_section bg_image=\u00bbhttps:\/\/www.matteofamiglietti.com\/es\/wp-content\/uploads\/2017\/01\/uomo333.jpg\u00bb blend_mode=\u00bbmultiply\u00bb bg_position=\u00bbright top\u00bb bg_repeat=\u00bbno-repeat\u00bb bg_stretch=\u00bbtrue\u00bb video_color_mask=\u00bb#0086ac\u00bb video_opacity=\u00bb0.3&#8243; min_height=\u00bb440&#8243; js_vertical_centered=\u00bbtrue\u00bb padding_top=\u00bb0&#8243; padding_bottom=\u00bb60&#8243; sidebar=\u00bbsidebar-1&#8243;][vc_column][mk_padding_divider size=\u00bb53&#8243;][mk_fancy_title tag_name=\u00bbh5&#8243; color=\u00bb#0086ac\u00bb size=\u00bb35&#8243; line_height=\u00bb90&#8243; font_weight=\u00bbbold\u00bb txt_transform=\u00bbuppercase\u00bb margin_bottom=\u00bb0&#8243; font_family=\u00bbnone\u00bb align=\u00bbright\u00bb]Dr. Matteo Famiglietti[\/mk_fancy_title][mk_fancy_title tag_name=\u00bbh1&#8243; color=\u00bb#0086ac\u00bb size=\u00bb95&#8243; force_font_size=\u00bbtrue\u00bb size_tablet=\u00bb45&#8243; line_height=\u00bb95&#8243; font_weight=\u00bbbold\u00bb txt_transform=\u00bbnone\u00bb margin_bottom=\u00bb0&#8243; font_family=\u00bbnone\u00bb align=\u00bbright\u00bb]Ginecomastia[\/mk_fancy_title][\/vc_column][\/mk_page_section][vc_row fullwidth=\u00bbtrue\u00bb css=\u00bb.vc_custom_1725270894338{background-color: #263E64 !important;}\u00bb][vc_column][mk_padding_divider size=\u00bb15&#8243;][mk_fancy_title tag_name=\u00bbh5&#8243; color=\u00bb#ffffff\u00bb size=\u00bb46&#8243; line_height=\u00bb90&#8243; font_weight=\u00bb300&#8243; txt_transform=\u00bbuppercase\u00bb letter_spacing=\u00bb4&#8243; margin_bottom=\u00bb0&#8243; font_family=\u00bbJaldi\u00bb font_type=\u00bbgoogle\u00bb align=\u00bbcenter\u00bb]CIRUG\u00cdA DE MAMA[\/mk_fancy_title][\/vc_column][\/vc_row][vc_row][vc_column][mk_padding_divider [&hellip;]","og_url":"https:\/\/www.matteofamiglietti.com\/es\/ginecomastia\/","og_site_name":"Matteo Famiglietti","article_publisher":"https:\/\/www.facebook.com\/dottfamiglietti","article_modified_time":"2025-12-29T16:27:01+00:00","twitter_card":"summary_large_image","twitter_misc":{"Tiempo de lectura":"3 minutos"},"schema":{"@context":"https:\/\/schema.org","@graph":[{"@type":"WebPage","@id":"https:\/\/www.matteofamiglietti.com\/es\/ginecomastia\/","url":"https:\/\/www.matteofamiglietti.com\/es\/ginecomastia\/","name":"Ginecomastia - Matteo Famiglietti","isPartOf":{"@id":"https:\/\/www.matteofamiglietti.com\/es\/#website"},"datePublished":"2017-01-10T11:27:05+00:00","dateModified":"2025-12-29T16:27:01+00:00","breadcrumb":{"@id":"https:\/\/www.matteofamiglietti.com\/es\/ginecomastia\/#breadcrumb"},"inLanguage":"es","potentialAction":[{"@type":"ReadAction","target":["https:\/\/www.matteofamiglietti.com\/es\/ginecomastia\/"]}]},{"@type":"BreadcrumbList","@id":"https:\/\/www.matteofamiglietti.com\/es\/ginecomastia\/#breadcrumb","itemListElement":[{"@type":"ListItem","position":1,"name":"Home","item":"https:\/\/www.matteofamiglietti.com\/es\/"},{"@type":"ListItem","position":2,"name":"Ginecomastia"}]},{"@type":"WebSite","@id":"https:\/\/www.matteofamiglietti.com\/es\/#website","url":"https:\/\/www.matteofamiglietti.com\/es\/","name":"Matteo Famiglietti","description":"Specialista in Chirurgia Plastica Ricostruttiva ed Estetica","potentialAction":[{"@type":"SearchAction","target":{"@type":"EntryPoint","urlTemplate":"https:\/\/www.matteofamiglietti.com\/es\/?s={search_term_string}"},"query-input":{"@type":"PropertyValueSpecification","valueRequired":true,"valueName":"search_term_string"}}],"inLanguage":"es"}]}},"_links":{"self":[{"href":"https:\/\/www.matteofamiglietti.com\/es\/wp-json\/wp\/v2\/pages\/10236","targetHints":{"allow":["GET"]}}],"collection":[{"href":"https:\/\/www.matteofamiglietti.com\/es\/wp-json\/wp\/v2\/pages"}],"about":[{"href":"https:\/\/www.matteofamiglietti.com\/es\/wp-json\/wp\/v2\/types\/page"}],"author":[{"embeddable":true,"href":"https:\/\/www.matteofamiglietti.com\/es\/wp-json\/wp\/v2\/users\/1"}],"replies":[{"embeddable":true,"href":"https:\/\/www.matteofamiglietti.com\/es\/wp-json\/wp\/v2\/comments?post=10236"}],"version-history":[{"count":20,"href":"https:\/\/www.matteofamiglietti.com\/es\/wp-json\/wp\/v2\/pages\/10236\/revisions"}],"predecessor-version":[{"id":11475,"href":"https:\/\/www.matteofamiglietti.com\/es\/wp-json\/wp\/v2\/pages\/10236\/revisions\/11475"}],"wp:attachment":[{"href":"https:\/\/www.matteofamiglietti.com\/es\/wp-json\/wp\/v2\/media?parent=10236"}],"curies":[{"name":"wp","href":"https:\/\/api.w.org\/{rel}","templated":true}]}}