{"id":10191,"date":"2017-01-09T21:27:16","date_gmt":"2017-01-09T21:27:16","guid":{"rendered":"https:\/\/www.matteofamiglietti.com\/es\/?page_id=10191"},"modified":"2024-09-18T09:09:30","modified_gmt":"2024-09-18T09:09:30","slug":"liposuccion","status":"publish","type":"page","link":"https:\/\/www.matteofamiglietti.com\/es\/liposuccion\/","title":{"rendered":"Liposucci\u00f3n"},"content":{"rendered":"<div class=\"wpb-content-wrapper\">[mk_page_section bg_image=\u00bbhttps:\/\/www.matteofamiglietti.com\/es\/wp-content\/uploads\/2017\/01\/33333333333.jpg\u00bb blend_mode=\u00bbmultiply\u00bb bg_position=\u00bbright top\u00bb bg_repeat=\u00bbno-repeat\u00bb bg_stretch=\u00bbtrue\u00bb video_color_mask=\u00bb#0086ac\u00bb video_opacity=\u00bb0.3&#8243; min_height=\u00bb440&#8243; js_vertical_centered=\u00bbtrue\u00bb padding_top=\u00bb0&#8243; padding_bottom=\u00bb60&#8243; sidebar=\u00bbsidebar-1&#8243;][vc_column][mk_padding_divider size=\u00bb53&#8243;][mk_fancy_title tag_name=\u00bbh5&#8243; color=\u00bb#0086ac\u00bb size=\u00bb35&#8243; line_height=\u00bb90&#8243; font_weight=\u00bbbold\u00bb txt_transform=\u00bbuppercase\u00bb margin_bottom=\u00bb0&#8243; font_family=\u00bbnone\u00bb]Dr. Matteo Famiglietti[\/mk_fancy_title][mk_fancy_title tag_name=\u00bbh1&#8243; color=\u00bb#0086ac\u00bb size=\u00bb95&#8243; force_font_size=\u00bbtrue\u00bb size_tablet=\u00bb45&#8243; line_height=\u00bb95&#8243; font_weight=\u00bbbold\u00bb txt_transform=\u00bbnone\u00bb margin_bottom=\u00bb0&#8243; font_family=\u00bbnone\u00bb]Liposucci\u00f3n[\/mk_fancy_title][\/vc_column][\/mk_page_section][vc_row fullwidth=\u00bbtrue\u00bb css=\u00bb.vc_custom_1725271145043{background-color: #263E64 !important;}\u00bb][vc_column][mk_padding_divider size=\u00bb15&#8243;][mk_fancy_title tag_name=\u00bbh5&#8243; color=\u00bb#ffffff\u00bb size=\u00bb46&#8243; line_height=\u00bb90&#8243; font_weight=\u00bb300&#8243; txt_transform=\u00bbuppercase\u00bb letter_spacing=\u00bb4&#8243; margin_bottom=\u00bb0&#8243; font_family=\u00bbJaldi\u00bb font_type=\u00bbgoogle\u00bb align=\u00bbcenter\u00bb]CIRUG\u00cdA CORPORAL[\/mk_fancy_title][\/vc_column][\/vc_row][vc_row][vc_column][mk_padding_divider size=\u00bb58&#8243;][\/vc_column][\/vc_row][vc_row][vc_column][vc_column_text disable_pattern=\u00bbfalse\u00bb css=\u00bb.vc_custom_1726650568993{margin-bottom: 0px !important;}\u00bb]La\u00a0liposucci\u00f3n\u00a0es un tratamiento dirigido a eliminar ac\u00famulos de grasa situados en distintas \u00e1reas anat\u00f3micas, con el fin de armonizar el perfil corporal. Para conseguir este objetivo, se utilizan c\u00e1nulas de varios tama\u00f1os, que se insertan en el tejido subcut\u00e1neo a trav\u00e9s de incisiones milim\u00e9tricas, por lo tanto con m\u00ednimas cicatrices.<\/p>\n<p>Es importante considerar que esta intervenci\u00f3n no est\u00e1 dirigida a la p\u00e9rdida de peso sino a la remodelaci\u00f3n del contorno corporal, por lo cual no puede considerarse un tratamiento para la obesidad.<\/p>\n<p>En algunos casos es posible reutilizar la propia grasa para rellenar otras \u00e1reas anat\u00f3micas, combinando as\u00ed la liposucci\u00f3n con una lipotransferencia. De hecho, con la t\u00e9cnica de lipotransferencia, o lipofilling, el propio tejido adiposo, tr\u00e1s ser extra\u00eddo, se purifica y se reinjerta para corregir defectos de forma y volumen de varias zonas del cuerpo como nalgas, pecho y rostro, o para corregir defectos resultantes de traumas o cirug\u00edas.<\/p>\n<p>Adem\u00e1s, la presencia natural de c\u00e9lulas madre dentro de la grasa hace que el lipofilling sea una herramienta \u00fatil para mejorar la calidad de la piel distr\u00f3fica y da\u00f1ada, como en el caso de radiodermatitis, \u00falceras cr\u00f3nicas o cicatrices distr\u00f3ficas.<\/p>\n<p>&nbsp;<\/p>\n<p><strong>PREOPERATORIO<\/strong><\/p>\n<p>Antes de la intervenci\u00f3n, el paciente deber\u00e1 someterse a una serie de pruebas m\u00e9dicas y an\u00e1lisis de laboratorio para valorar el\u00a0estado de salud general y confirmar que es apto para este tipo de intervenci\u00f3n. Estas pruebas incluyen analisis de sangre, electrocardiograma.<\/p>\n<p>Asimismo, hay que informar a los sanitarios de los tratamientos farmacol\u00f3gicos\u00a0actuales y sobre cualquier alergia.<\/p>\n<p>Se recomienda evitar tomar medicamentos antiinflamatorios tipo aspirina y derivados una semana antes de la cirug\u00eda y dejar de fumar 20 d\u00edas antes.<\/p>\n<p>&nbsp;<\/p>\n<p><strong>INTERVENCI\u00d3N<\/strong><\/p>\n<p>La\u00a0liposucci\u00f3n\u00a0se lleva a cabo bajo anestesia general o local con sedaci\u00f3n en funci\u00f3n de cada caso, y lo m\u00e1s habitual es que se trate de una intervenci\u00f3n ambulatoria.<\/p>\n<p>La duraci\u00f3n de la cirurg\u00eda es muy variable, dependiendo de la cantidad de grasa que se debe aspirar y de la extensi\u00f3n de las zonas a tratar, en caso de lipotransferencia.<\/p>\n<p>Como dicho anteriormente, las incisiones cut\u00e1neas miden unos pocos mil\u00edmetros y sirven \u00fanicamente para la introducci\u00f3n de las c\u00e1nulas con las que se aspirar\u00e1 la grasa.<\/p>\n<p>&nbsp;<\/p>\n<p><strong>CUIDADOS POSTOPERATORIOS<\/strong><\/p>\n<p>Al terminar la cirug\u00eda se aplica una faja de compresi\u00f3n que el paciente deber\u00e1 llevar alrededor de 4 semanas, d\u00eda y noche.<\/p>\n<p>En el postoperatorio inmediato es normal que aparezcan hinchaz\u00f3n y hematomas, que suelen desaparecer al cabo de unas semanas, sin embargo, puede permanecer una cantidad de edema durante unos meses; son recomendables los masajes de drenaje linf\u00e1tico para que el proceso normal de reabsorci\u00f3n del edema pueda ser m\u00e1s r\u00e1pido.<\/p>\n<p>Ser\u00e1 necesario realizar una terapia con heparina para la prevenci\u00f3n tromboemb\u00f3lica durante 14 d\u00edas; adem\u00e1s, el permanecer en la cama y el no caminar incrementa el riesgo de formaci\u00f3n de co\u00e1gulos de sangre, as\u00ed que se recomienda empezar a caminar cuanto antes.<\/p>\n<p>Las actividades diarias normales pueden retomarse tr\u00e1s unos d\u00edas de la intervenci\u00f3n pero la actividad f\u00edsica intensa debe esperar entre 2 y 4 semanas.<\/p>\n<p>Es aconsejable dejar de fumar durante 20 d\u00edas despu\u00e9s de la cirug\u00eda, ya que esto aumenta el riesgo de complicaciones y puede causar un retraso en la recuperaci\u00f3n.<\/p>\n<p>Se recomienda evitar exponer al sol directo la piel de las zonas tratadas por un mes de la intervenci\u00f3n puesto que en ese periodo hay un alto riesgo de hiperpigmentaci\u00f3n cut\u00e1nea; adem\u00e1s, es recomendable evitar la exposici\u00f3n solar de las cicatrices durante los primeros 6 meses sin protecci\u00f3n, sobre todo en las horas pico. Por lo tanto, cubrir las cicatrices y\/o utilizar protector solar con factor de protecci\u00f3n alto es fundamental.<\/p>\n<p>El resultado ser\u00e1 apreciable a los 4-6 meses de la cirug\u00eda, y para mantenerlo a lo largo del tiempo es fundamental mantener un peso estable, con una vida saludable y activa.[\/vc_column_text][\/vc_column][\/vc_row][vc_row][vc_column][mk_padding_divider size=\u00bb50&#8243;][\/vc_column][\/vc_row]\n<\/div>","protected":false},"excerpt":{"rendered":"<p>[mk_page_section bg_image=\u00bbhttps:\/\/www.matteofamiglietti.com\/es\/wp-content\/uploads\/2017\/01\/33333333333.jpg\u00bb blend_mode=\u00bbmultiply\u00bb bg_position=\u00bbright top\u00bb bg_repeat=\u00bbno-repeat\u00bb bg_stretch=\u00bbtrue\u00bb video_color_mask=\u00bb#0086ac\u00bb video_opacity=\u00bb0.3&#8243; min_height=\u00bb440&#8243; js_vertical_centered=\u00bbtrue\u00bb padding_top=\u00bb0&#8243; padding_bottom=\u00bb60&#8243; sidebar=\u00bbsidebar-1&#8243;][vc_column][mk_padding_divider size=\u00bb53&#8243;][mk_fancy_title tag_name=\u00bbh5&#8243; color=\u00bb#0086ac\u00bb size=\u00bb35&#8243; line_height=\u00bb90&#8243; font_weight=\u00bbbold\u00bb txt_transform=\u00bbuppercase\u00bb margin_bottom=\u00bb0&#8243; font_family=\u00bbnone\u00bb]Dr. Matteo Famiglietti[\/mk_fancy_title][mk_fancy_title tag_name=\u00bbh1&#8243; color=\u00bb#0086ac\u00bb size=\u00bb95&#8243; force_font_size=\u00bbtrue\u00bb size_tablet=\u00bb45&#8243; line_height=\u00bb95&#8243; font_weight=\u00bbbold\u00bb txt_transform=\u00bbnone\u00bb margin_bottom=\u00bb0&#8243; font_family=\u00bbnone\u00bb]Liposucci\u00f3n[\/mk_fancy_title][\/vc_column][\/mk_page_section][vc_row fullwidth=\u00bbtrue\u00bb css=\u00bb.vc_custom_1725271145043{background-color: #263E64 !important;}\u00bb][vc_column][mk_padding_divider size=\u00bb15&#8243;][mk_fancy_title tag_name=\u00bbh5&#8243; color=\u00bb#ffffff\u00bb size=\u00bb46&#8243; line_height=\u00bb90&#8243; font_weight=\u00bb300&#8243; txt_transform=\u00bbuppercase\u00bb letter_spacing=\u00bb4&#8243; margin_bottom=\u00bb0&#8243; font_family=\u00bbJaldi\u00bb font_type=\u00bbgoogle\u00bb align=\u00bbcenter\u00bb]CIRUG\u00cdA CORPORAL[\/mk_fancy_title][\/vc_column][\/vc_row][vc_row][vc_column][mk_padding_divider size=\u00bb58&#8243;][\/vc_column][\/vc_row][vc_row][vc_column][vc_column_text disable_pattern=\u00bbfalse\u00bb css=\u00bb.vc_custom_1726650568993{margin-bottom: [&hellip;]<\/p>\n","protected":false},"author":1,"featured_media":0,"parent":0,"menu_order":0,"comment_status":"closed","ping_status":"closed","template":"","meta":{"footnotes":""},"class_list":["post-10191","page","type-page","status-publish","hentry"],"yoast_head":"<!-- This site is optimized with the Yoast SEO plugin v27.4 - https:\/\/yoast.com\/product\/yoast-seo-wordpress\/ -->\n<title>Liposucci\u00f3n - Matteo Famiglietti<\/title>\n<meta name=\"robots\" content=\"index, follow, max-snippet:-1, max-image-preview:large, max-video-preview:-1\" \/>\n<link rel=\"canonical\" href=\"https:\/\/www.matteofamiglietti.com\/es\/liposuccion\/\" \/>\n<meta property=\"og:locale\" content=\"es_ES\" \/>\n<meta property=\"og:type\" content=\"article\" \/>\n<meta property=\"og:title\" content=\"Liposucci\u00f3n - Matteo Famiglietti\" \/>\n<meta property=\"og:description\" content=\"[mk_page_section bg_image=\u00bbhttps:\/\/www.matteofamiglietti.com\/es\/wp-content\/uploads\/2017\/01\/33333333333.jpg\u00bb blend_mode=\u00bbmultiply\u00bb bg_position=\u00bbright top\u00bb bg_repeat=\u00bbno-repeat\u00bb bg_stretch=\u00bbtrue\u00bb video_color_mask=\u00bb#0086ac\u00bb video_opacity=\u00bb0.3&#8243; min_height=\u00bb440&#8243; js_vertical_centered=\u00bbtrue\u00bb padding_top=\u00bb0&#8243; padding_bottom=\u00bb60&#8243; sidebar=\u00bbsidebar-1&#8243;][vc_column][mk_padding_divider size=\u00bb53&#8243;][mk_fancy_title tag_name=\u00bbh5&#8243; color=\u00bb#0086ac\u00bb size=\u00bb35&#8243; line_height=\u00bb90&#8243; font_weight=\u00bbbold\u00bb txt_transform=\u00bbuppercase\u00bb margin_bottom=\u00bb0&#8243; font_family=\u00bbnone\u00bb]Dr. Matteo Famiglietti[\/mk_fancy_title][mk_fancy_title tag_name=\u00bbh1&#8243; color=\u00bb#0086ac\u00bb size=\u00bb95&#8243; force_font_size=\u00bbtrue\u00bb size_tablet=\u00bb45&#8243; line_height=\u00bb95&#8243; font_weight=\u00bbbold\u00bb txt_transform=\u00bbnone\u00bb margin_bottom=\u00bb0&#8243; font_family=\u00bbnone\u00bb]Liposucci\u00f3n[\/mk_fancy_title][\/vc_column][\/mk_page_section][vc_row fullwidth=\u00bbtrue\u00bb css=\u00bb.vc_custom_1725271145043{background-color: #263E64 !important;}\u00bb][vc_column][mk_padding_divider size=\u00bb15&#8243;][mk_fancy_title tag_name=\u00bbh5&#8243; color=\u00bb#ffffff\u00bb size=\u00bb46&#8243; line_height=\u00bb90&#8243; font_weight=\u00bb300&#8243; txt_transform=\u00bbuppercase\u00bb letter_spacing=\u00bb4&#8243; margin_bottom=\u00bb0&#8243; font_family=\u00bbJaldi\u00bb font_type=\u00bbgoogle\u00bb align=\u00bbcenter\u00bb]CIRUG\u00cdA CORPORAL[\/mk_fancy_title][\/vc_column][\/vc_row][vc_row][vc_column][mk_padding_divider size=\u00bb58&#8243;][\/vc_column][\/vc_row][vc_row][vc_column][vc_column_text disable_pattern=\u00bbfalse\u00bb css=\u00bb.vc_custom_1726650568993{margin-bottom: [&hellip;]\" \/>\n<meta property=\"og:url\" content=\"https:\/\/www.matteofamiglietti.com\/es\/liposuccion\/\" \/>\n<meta property=\"og:site_name\" content=\"Matteo Famiglietti\" \/>\n<meta property=\"article:publisher\" content=\"https:\/\/www.facebook.com\/dottfamiglietti\" \/>\n<meta property=\"article:modified_time\" content=\"2024-09-18T09:09:30+00:00\" \/>\n<meta name=\"twitter:card\" content=\"summary_large_image\" \/>\n<meta name=\"twitter:label1\" content=\"Tiempo de lectura\" \/>\n\t<meta name=\"twitter:data1\" content=\"4 minutos\" \/>\n<script type=\"application\/ld+json\" class=\"yoast-schema-graph\">{\"@context\":\"https:\\\/\\\/schema.org\",\"@graph\":[{\"@type\":\"WebPage\",\"@id\":\"https:\\\/\\\/www.matteofamiglietti.com\\\/es\\\/liposuccion\\\/\",\"url\":\"https:\\\/\\\/www.matteofamiglietti.com\\\/es\\\/liposuccion\\\/\",\"name\":\"Liposucci\u00f3n - Matteo Famiglietti\",\"isPartOf\":{\"@id\":\"https:\\\/\\\/www.matteofamiglietti.com\\\/es\\\/#website\"},\"datePublished\":\"2017-01-09T21:27:16+00:00\",\"dateModified\":\"2024-09-18T09:09:30+00:00\",\"breadcrumb\":{\"@id\":\"https:\\\/\\\/www.matteofamiglietti.com\\\/es\\\/liposuccion\\\/#breadcrumb\"},\"inLanguage\":\"es\",\"potentialAction\":[{\"@type\":\"ReadAction\",\"target\":[\"https:\\\/\\\/www.matteofamiglietti.com\\\/es\\\/liposuccion\\\/\"]}]},{\"@type\":\"BreadcrumbList\",\"@id\":\"https:\\\/\\\/www.matteofamiglietti.com\\\/es\\\/liposuccion\\\/#breadcrumb\",\"itemListElement\":[{\"@type\":\"ListItem\",\"position\":1,\"name\":\"Home\",\"item\":\"https:\\\/\\\/www.matteofamiglietti.com\\\/es\\\/\"},{\"@type\":\"ListItem\",\"position\":2,\"name\":\"Liposucci\u00f3n\"}]},{\"@type\":\"WebSite\",\"@id\":\"https:\\\/\\\/www.matteofamiglietti.com\\\/es\\\/#website\",\"url\":\"https:\\\/\\\/www.matteofamiglietti.com\\\/es\\\/\",\"name\":\"Matteo Famiglietti\",\"description\":\"Specialista in Chirurgia Plastica Ricostruttiva ed Estetica\",\"potentialAction\":[{\"@type\":\"SearchAction\",\"target\":{\"@type\":\"EntryPoint\",\"urlTemplate\":\"https:\\\/\\\/www.matteofamiglietti.com\\\/es\\\/?s={search_term_string}\"},\"query-input\":{\"@type\":\"PropertyValueSpecification\",\"valueRequired\":true,\"valueName\":\"search_term_string\"}}],\"inLanguage\":\"es\"}]}<\/script>\n<!-- \/ Yoast SEO plugin. -->","yoast_head_json":{"title":"Liposucci\u00f3n - Matteo Famiglietti","robots":{"index":"index","follow":"follow","max-snippet":"max-snippet:-1","max-image-preview":"max-image-preview:large","max-video-preview":"max-video-preview:-1"},"canonical":"https:\/\/www.matteofamiglietti.com\/es\/liposuccion\/","og_locale":"es_ES","og_type":"article","og_title":"Liposucci\u00f3n - Matteo Famiglietti","og_description":"[mk_page_section bg_image=\u00bbhttps:\/\/www.matteofamiglietti.com\/es\/wp-content\/uploads\/2017\/01\/33333333333.jpg\u00bb blend_mode=\u00bbmultiply\u00bb bg_position=\u00bbright top\u00bb bg_repeat=\u00bbno-repeat\u00bb bg_stretch=\u00bbtrue\u00bb video_color_mask=\u00bb#0086ac\u00bb video_opacity=\u00bb0.3&#8243; min_height=\u00bb440&#8243; js_vertical_centered=\u00bbtrue\u00bb padding_top=\u00bb0&#8243; padding_bottom=\u00bb60&#8243; sidebar=\u00bbsidebar-1&#8243;][vc_column][mk_padding_divider size=\u00bb53&#8243;][mk_fancy_title tag_name=\u00bbh5&#8243; color=\u00bb#0086ac\u00bb size=\u00bb35&#8243; line_height=\u00bb90&#8243; font_weight=\u00bbbold\u00bb txt_transform=\u00bbuppercase\u00bb margin_bottom=\u00bb0&#8243; font_family=\u00bbnone\u00bb]Dr. Matteo Famiglietti[\/mk_fancy_title][mk_fancy_title tag_name=\u00bbh1&#8243; color=\u00bb#0086ac\u00bb size=\u00bb95&#8243; force_font_size=\u00bbtrue\u00bb size_tablet=\u00bb45&#8243; line_height=\u00bb95&#8243; font_weight=\u00bbbold\u00bb txt_transform=\u00bbnone\u00bb margin_bottom=\u00bb0&#8243; font_family=\u00bbnone\u00bb]Liposucci\u00f3n[\/mk_fancy_title][\/vc_column][\/mk_page_section][vc_row fullwidth=\u00bbtrue\u00bb css=\u00bb.vc_custom_1725271145043{background-color: #263E64 !important;}\u00bb][vc_column][mk_padding_divider size=\u00bb15&#8243;][mk_fancy_title tag_name=\u00bbh5&#8243; color=\u00bb#ffffff\u00bb size=\u00bb46&#8243; line_height=\u00bb90&#8243; font_weight=\u00bb300&#8243; txt_transform=\u00bbuppercase\u00bb letter_spacing=\u00bb4&#8243; margin_bottom=\u00bb0&#8243; font_family=\u00bbJaldi\u00bb font_type=\u00bbgoogle\u00bb align=\u00bbcenter\u00bb]CIRUG\u00cdA CORPORAL[\/mk_fancy_title][\/vc_column][\/vc_row][vc_row][vc_column][mk_padding_divider size=\u00bb58&#8243;][\/vc_column][\/vc_row][vc_row][vc_column][vc_column_text disable_pattern=\u00bbfalse\u00bb css=\u00bb.vc_custom_1726650568993{margin-bottom: [&hellip;]","og_url":"https:\/\/www.matteofamiglietti.com\/es\/liposuccion\/","og_site_name":"Matteo Famiglietti","article_publisher":"https:\/\/www.facebook.com\/dottfamiglietti","article_modified_time":"2024-09-18T09:09:30+00:00","twitter_card":"summary_large_image","twitter_misc":{"Tiempo de lectura":"4 minutos"},"schema":{"@context":"https:\/\/schema.org","@graph":[{"@type":"WebPage","@id":"https:\/\/www.matteofamiglietti.com\/es\/liposuccion\/","url":"https:\/\/www.matteofamiglietti.com\/es\/liposuccion\/","name":"Liposucci\u00f3n - Matteo Famiglietti","isPartOf":{"@id":"https:\/\/www.matteofamiglietti.com\/es\/#website"},"datePublished":"2017-01-09T21:27:16+00:00","dateModified":"2024-09-18T09:09:30+00:00","breadcrumb":{"@id":"https:\/\/www.matteofamiglietti.com\/es\/liposuccion\/#breadcrumb"},"inLanguage":"es","potentialAction":[{"@type":"ReadAction","target":["https:\/\/www.matteofamiglietti.com\/es\/liposuccion\/"]}]},{"@type":"BreadcrumbList","@id":"https:\/\/www.matteofamiglietti.com\/es\/liposuccion\/#breadcrumb","itemListElement":[{"@type":"ListItem","position":1,"name":"Home","item":"https:\/\/www.matteofamiglietti.com\/es\/"},{"@type":"ListItem","position":2,"name":"Liposucci\u00f3n"}]},{"@type":"WebSite","@id":"https:\/\/www.matteofamiglietti.com\/es\/#website","url":"https:\/\/www.matteofamiglietti.com\/es\/","name":"Matteo Famiglietti","description":"Specialista in Chirurgia Plastica Ricostruttiva ed Estetica","potentialAction":[{"@type":"SearchAction","target":{"@type":"EntryPoint","urlTemplate":"https:\/\/www.matteofamiglietti.com\/es\/?s={search_term_string}"},"query-input":{"@type":"PropertyValueSpecification","valueRequired":true,"valueName":"search_term_string"}}],"inLanguage":"es"}]}},"_links":{"self":[{"href":"https:\/\/www.matteofamiglietti.com\/es\/wp-json\/wp\/v2\/pages\/10191","targetHints":{"allow":["GET"]}}],"collection":[{"href":"https:\/\/www.matteofamiglietti.com\/es\/wp-json\/wp\/v2\/pages"}],"about":[{"href":"https:\/\/www.matteofamiglietti.com\/es\/wp-json\/wp\/v2\/types\/page"}],"author":[{"embeddable":true,"href":"https:\/\/www.matteofamiglietti.com\/es\/wp-json\/wp\/v2\/users\/1"}],"replies":[{"embeddable":true,"href":"https:\/\/www.matteofamiglietti.com\/es\/wp-json\/wp\/v2\/comments?post=10191"}],"version-history":[{"count":20,"href":"https:\/\/www.matteofamiglietti.com\/es\/wp-json\/wp\/v2\/pages\/10191\/revisions"}],"predecessor-version":[{"id":11461,"href":"https:\/\/www.matteofamiglietti.com\/es\/wp-json\/wp\/v2\/pages\/10191\/revisions\/11461"}],"wp:attachment":[{"href":"https:\/\/www.matteofamiglietti.com\/es\/wp-json\/wp\/v2\/media?parent=10191"}],"curies":[{"name":"wp","href":"https:\/\/api.w.org\/{rel}","templated":true}]}}