{"id":10169,"date":"2017-01-09T21:08:52","date_gmt":"2017-01-09T21:08:52","guid":{"rendered":"https:\/\/www.matteofamiglietti.com\/es\/?page_id=10169"},"modified":"2024-09-05T14:33:36","modified_gmt":"2024-09-05T14:33:36","slug":"cicatrizacion","status":"publish","type":"page","link":"https:\/\/www.matteofamiglietti.com\/es\/cicatrizacion\/","title":{"rendered":"Cicatrizaci\u00f3n"},"content":{"rendered":"<div class=\"wpb-content-wrapper\">[mk_page_section bg_image=\u00bbhttps:\/\/www.matteofamiglietti.com\/es\/wp-content\/uploads\/2017\/01\/33333333333.jpg\u00bb blend_mode=\u00bbmultiply\u00bb bg_position=\u00bbright top\u00bb bg_repeat=\u00bbno-repeat\u00bb bg_stretch=\u00bbtrue\u00bb video_color_mask=\u00bb#0086ac\u00bb video_opacity=\u00bb0.3&#8243; min_height=\u00bb440&#8243; js_vertical_centered=\u00bbtrue\u00bb padding_top=\u00bb0&#8243; padding_bottom=\u00bb60&#8243; sidebar=\u00bbsidebar-1&#8243;][vc_column][mk_padding_divider size=\u00bb53&#8243;][mk_fancy_title tag_name=\u00bbh5&#8243; color=\u00bb#0086ac\u00bb size=\u00bb35&#8243; line_height=\u00bb90&#8243; font_weight=\u00bbbold\u00bb txt_transform=\u00bbuppercase\u00bb margin_bottom=\u00bb0&#8243; font_family=\u00bbnone\u00bb]Dr. Matteo Famiglietti[\/mk_fancy_title][mk_fancy_title tag_name=\u00bbh1&#8243; color=\u00bb#0086ac\u00bb size=\u00bb95&#8243; force_font_size=\u00bbtrue\u00bb size_tablet=\u00bb45&#8243; line_height=\u00bb95&#8243; font_weight=\u00bbbold\u00bb txt_transform=\u00bbnone\u00bb margin_bottom=\u00bb0&#8243; font_family=\u00bbnone\u00bb]Cicatrizaci\u00f3n[\/mk_fancy_title][\/vc_column][\/mk_page_section][vc_row fullwidth=\u00bbtrue\u00bb css=\u00bb.vc_custom_1725268852218{background-color: #263E64 !important;}\u00bb][vc_column][mk_padding_divider size=\u00bb15&#8243;][mk_fancy_title tag_name=\u00bbh5&#8243; color=\u00bb#ffffff\u00bb size=\u00bb46&#8243; line_height=\u00bb90&#8243; font_weight=\u00bb300&#8243; txt_transform=\u00bbuppercase\u00bb letter_spacing=\u00bb4&#8243; margin_bottom=\u00bb0&#8243; font_family=\u00bbJaldi\u00bb font_type=\u00bbgoogle\u00bb align=\u00bbcenter\u00bb]CIRUG\u00cdA CORPORAL[\/mk_fancy_title][\/vc_column][\/vc_row][vc_row][vc_column][mk_padding_divider size=\u00bb58&#8243;][\/vc_column][\/vc_row][vc_row][vc_column][vc_column_text disable_pattern=\u00bbfalse\u00bb css=\u00bb.vc_custom_1725542457359{margin-bottom: 0px !important;}\u00bb]\n<p align=\"justify\"><span lang=\"es-ES-u-co-trad\">La cicatrizaci\u00f3n es parte del proceso natural de reparaci\u00f3n de una herida y la cicatriz es la marca permanente e inevitable de la lesi\u00f3n tisular recibida.<\/span><\/p>\n<p align=\"justify\"><span lang=\"es-ES-u-co-trad\">El desarrollo y la evoluci\u00f3n de una cicatriz pueden ser impredecibles y su apariencia depende de m\u00faltiples factores, como su localizaci\u00f3n anat\u00f3mica, el tipo de trauma, el tama\u00f1o de la herida, el sexo, la edad y la raza del paciente, eventuales enfermedades sist\u00e9micas, f\u00e1rmacos, incluso el tabaquismo. Tambi\u00e9n existen factores constitucionales que predisponen al desarrollo de cicatrices patol\u00f3gicas.<\/span><\/p>\n<p align=\"justify\"><span lang=\"es-ES-u-co-trad\">Los tipos de cicatrices que pueden requerir tratamiento, m\u00e9dico y\/o quir\u00fargico, incluyen:<\/span><\/p>\n<p align=\"justify\"><span lang=\"es-ES-u-co-trad\"><b>Cicatriz atr\u00f3fica: <\/b><\/span><span lang=\"es-ES-u-co-trad\">cicatriz blanquecina, ensanchada y hundida\u00a0en comparaci\u00f3n con la piel de alrededor, con una superficie brillante y arrugada, caracterizada por una pobre deposici\u00f3n de col\u00e1geno, una epidermis m\u00e1s delgada y, por lo tanto, con menor resistencia.<\/span><\/p>\n<p align=\"justify\"><span lang=\"es-ES-u-co-trad\"><b>Cicatriz hipertr\u00f3fica: <\/b><\/span><span lang=\"es-ES-u-co-trad\">cicatriz enrojecida, engrosada y elevada, a veces con picor y\/o dolor. Aparece en las primeras semanas del trauma, crece r\u00e1pidamente durante los siguientes 3-6 meses, permaneciendo confinada dentro de los bordes inciales de la herida y, tras una fase est\u00e1tica, sufre una lenta regresi\u00f3n que puede durar a\u00f1os.<\/span><\/p>\n<p align=\"justify\"><span lang=\"es-ES-u-co-trad\"><b>Cicatriz queloide: <\/b><\/span><span lang=\"es-ES-u-co-trad\">cicatriz de color rojizo, marr\u00f3n o morado, significativamente elevada y gruesa, dolorosa y con picaz\u00f3n intenso, causada por la deposici\u00f3n excesiva y desordenada de col\u00e1geno. Aparece hasta un a\u00f1o despu\u00e9s del trauma y crece paulatinamente con una tendencia a expandirse hacia el tejido sano circundante, a diferencia de la cicatriz hipertr\u00f3fica, sin tendencia a la regresi\u00f3n espont\u00e1nea. Tambi\u00e9n se caracteriza por la tendencia a la recidiva local tras su extirpaci\u00f3n quir\u00fargica completa, incluso con un aumento del tama\u00f1o. La predisposici\u00f3n a las cicatrices queloides suele ser gen\u00e9tica.<\/span><\/p>\n<p align=\"justify\"><span lang=\"es-ES-u-co-trad\"><b>Cicatriz que se retrae<\/b><\/span><span lang=\"es-ES-u-co-trad\"> o es responsable de cualquier distorsi\u00f3n de los tejidos que pueda provocar una alteraci\u00f3n funcional, como es el caso de las cicatrices de quemaduras.<\/span><\/p>\n<p align=\"justify\"><span lang=\"es-ES-u-co-trad\">Eliminar una cicatriz por completo no es posible, sin embargo\u00a0a d\u00eda de hoy es posible mejorarlas gracias a varios tipos de tratamiento, solos o combinados entre s\u00ed:<\/span><\/p>\n<ul>\n<li><span lang=\"es-ES-u-co-trad\">Aplicaci\u00f3n de tiritas o cremas de silicona<\/span><\/li>\n<li>Dermoabrasi\u00f3n<\/li>\n<li>L\u00e1ser<\/li>\n<li>Peeling qu\u00edmico<\/li>\n<li>Inyecci\u00f3n\u00a0intralesional de corticoides<\/li>\n<li>Cirug\u00eda<\/li>\n<\/ul>\n<p align=\"justify\"><span lang=\"es-ES-u-co-trad\">La cirug\u00eda puede limitarse a una escis\u00f3n el\u00edptica fusiforme (intralesional, es decir, dejando intactos los m\u00e1rgenes externos de la cicatriz (en el caso de los queloides, para reducir su tasa de recurrencia), o completa, eliminando as\u00ed todo el tejido cicatricial) o aprovechar las ventajas de los colgajos cut\u00e1neos para cambiar la direcci\u00f3n y la tensi\u00f3n de la cicatriz.<\/span><\/p>\n<p>Las cicatrices muy extensas pueden requerir varios tiempos quir\u00fargicos, incluyendo, a veces, el utilizo de expansores tisulares.<\/p>\n<p>En caso de cicatrices atr\u00f3ficas, una lipotransferencia podr\u00eda corregir la depresi\u00f3n de la piel y mejorar la calidad de los tejidos.[\/vc_column_text][\/vc_column][\/vc_row][vc_row][vc_column][mk_padding_divider size=\u00bb50&#8243;][\/vc_column][\/vc_row]\n<\/div>","protected":false},"excerpt":{"rendered":"<p>[mk_page_section bg_image=\u00bbhttps:\/\/www.matteofamiglietti.com\/es\/wp-content\/uploads\/2017\/01\/33333333333.jpg\u00bb blend_mode=\u00bbmultiply\u00bb bg_position=\u00bbright top\u00bb bg_repeat=\u00bbno-repeat\u00bb bg_stretch=\u00bbtrue\u00bb video_color_mask=\u00bb#0086ac\u00bb video_opacity=\u00bb0.3&#8243; min_height=\u00bb440&#8243; js_vertical_centered=\u00bbtrue\u00bb padding_top=\u00bb0&#8243; padding_bottom=\u00bb60&#8243; sidebar=\u00bbsidebar-1&#8243;][vc_column][mk_padding_divider size=\u00bb53&#8243;][mk_fancy_title tag_name=\u00bbh5&#8243; color=\u00bb#0086ac\u00bb size=\u00bb35&#8243; line_height=\u00bb90&#8243; font_weight=\u00bbbold\u00bb txt_transform=\u00bbuppercase\u00bb margin_bottom=\u00bb0&#8243; font_family=\u00bbnone\u00bb]Dr. Matteo Famiglietti[\/mk_fancy_title][mk_fancy_title tag_name=\u00bbh1&#8243; color=\u00bb#0086ac\u00bb size=\u00bb95&#8243; force_font_size=\u00bbtrue\u00bb size_tablet=\u00bb45&#8243; line_height=\u00bb95&#8243; font_weight=\u00bbbold\u00bb txt_transform=\u00bbnone\u00bb margin_bottom=\u00bb0&#8243; font_family=\u00bbnone\u00bb]Cicatrizaci\u00f3n[\/mk_fancy_title][\/vc_column][\/mk_page_section][vc_row fullwidth=\u00bbtrue\u00bb css=\u00bb.vc_custom_1725268852218{background-color: #263E64 !important;}\u00bb][vc_column][mk_padding_divider size=\u00bb15&#8243;][mk_fancy_title tag_name=\u00bbh5&#8243; color=\u00bb#ffffff\u00bb size=\u00bb46&#8243; line_height=\u00bb90&#8243; font_weight=\u00bb300&#8243; txt_transform=\u00bbuppercase\u00bb letter_spacing=\u00bb4&#8243; margin_bottom=\u00bb0&#8243; font_family=\u00bbJaldi\u00bb font_type=\u00bbgoogle\u00bb align=\u00bbcenter\u00bb]CIRUG\u00cdA CORPORAL[\/mk_fancy_title][\/vc_column][\/vc_row][vc_row][vc_column][mk_padding_divider size=\u00bb58&#8243;][\/vc_column][\/vc_row][vc_row][vc_column][vc_column_text disable_pattern=\u00bbfalse\u00bb css=\u00bb.vc_custom_1725542457359{margin-bottom: [&hellip;]<\/p>\n","protected":false},"author":1,"featured_media":0,"parent":0,"menu_order":0,"comment_status":"closed","ping_status":"closed","template":"","meta":{"footnotes":""},"class_list":["post-10169","page","type-page","status-publish","hentry"],"yoast_head":"<!-- This site is optimized with the Yoast SEO plugin v27.4 - https:\/\/yoast.com\/product\/yoast-seo-wordpress\/ -->\n<title>Cicatrizaci\u00f3n - Matteo Famiglietti<\/title>\n<meta name=\"robots\" content=\"index, follow, max-snippet:-1, max-image-preview:large, max-video-preview:-1\" \/>\n<link rel=\"canonical\" href=\"https:\/\/www.matteofamiglietti.com\/es\/cicatrizacion\/\" \/>\n<meta property=\"og:locale\" content=\"es_ES\" \/>\n<meta property=\"og:type\" content=\"article\" \/>\n<meta property=\"og:title\" content=\"Cicatrizaci\u00f3n - Matteo Famiglietti\" \/>\n<meta property=\"og:description\" content=\"[mk_page_section bg_image=\u00bbhttps:\/\/www.matteofamiglietti.com\/es\/wp-content\/uploads\/2017\/01\/33333333333.jpg\u00bb blend_mode=\u00bbmultiply\u00bb bg_position=\u00bbright top\u00bb bg_repeat=\u00bbno-repeat\u00bb bg_stretch=\u00bbtrue\u00bb video_color_mask=\u00bb#0086ac\u00bb video_opacity=\u00bb0.3&#8243; min_height=\u00bb440&#8243; js_vertical_centered=\u00bbtrue\u00bb padding_top=\u00bb0&#8243; padding_bottom=\u00bb60&#8243; sidebar=\u00bbsidebar-1&#8243;][vc_column][mk_padding_divider size=\u00bb53&#8243;][mk_fancy_title tag_name=\u00bbh5&#8243; color=\u00bb#0086ac\u00bb size=\u00bb35&#8243; line_height=\u00bb90&#8243; font_weight=\u00bbbold\u00bb txt_transform=\u00bbuppercase\u00bb margin_bottom=\u00bb0&#8243; font_family=\u00bbnone\u00bb]Dr. Matteo Famiglietti[\/mk_fancy_title][mk_fancy_title tag_name=\u00bbh1&#8243; color=\u00bb#0086ac\u00bb size=\u00bb95&#8243; force_font_size=\u00bbtrue\u00bb size_tablet=\u00bb45&#8243; line_height=\u00bb95&#8243; font_weight=\u00bbbold\u00bb txt_transform=\u00bbnone\u00bb margin_bottom=\u00bb0&#8243; font_family=\u00bbnone\u00bb]Cicatrizaci\u00f3n[\/mk_fancy_title][\/vc_column][\/mk_page_section][vc_row fullwidth=\u00bbtrue\u00bb css=\u00bb.vc_custom_1725268852218{background-color: #263E64 !important;}\u00bb][vc_column][mk_padding_divider size=\u00bb15&#8243;][mk_fancy_title tag_name=\u00bbh5&#8243; color=\u00bb#ffffff\u00bb size=\u00bb46&#8243; line_height=\u00bb90&#8243; font_weight=\u00bb300&#8243; txt_transform=\u00bbuppercase\u00bb letter_spacing=\u00bb4&#8243; margin_bottom=\u00bb0&#8243; font_family=\u00bbJaldi\u00bb font_type=\u00bbgoogle\u00bb align=\u00bbcenter\u00bb]CIRUG\u00cdA CORPORAL[\/mk_fancy_title][\/vc_column][\/vc_row][vc_row][vc_column][mk_padding_divider size=\u00bb58&#8243;][\/vc_column][\/vc_row][vc_row][vc_column][vc_column_text disable_pattern=\u00bbfalse\u00bb css=\u00bb.vc_custom_1725542457359{margin-bottom: [&hellip;]\" \/>\n<meta property=\"og:url\" content=\"https:\/\/www.matteofamiglietti.com\/es\/cicatrizacion\/\" \/>\n<meta property=\"og:site_name\" content=\"Matteo Famiglietti\" \/>\n<meta property=\"article:publisher\" content=\"https:\/\/www.facebook.com\/dottfamiglietti\" \/>\n<meta property=\"article:modified_time\" content=\"2024-09-05T14:33:36+00:00\" \/>\n<meta name=\"twitter:card\" content=\"summary_large_image\" \/>\n<meta name=\"twitter:label1\" content=\"Tiempo de lectura\" \/>\n\t<meta name=\"twitter:data1\" content=\"3 minutos\" \/>\n<script type=\"application\/ld+json\" class=\"yoast-schema-graph\">{\"@context\":\"https:\\\/\\\/schema.org\",\"@graph\":[{\"@type\":\"WebPage\",\"@id\":\"https:\\\/\\\/www.matteofamiglietti.com\\\/es\\\/cicatrizacion\\\/\",\"url\":\"https:\\\/\\\/www.matteofamiglietti.com\\\/es\\\/cicatrizacion\\\/\",\"name\":\"Cicatrizaci\u00f3n - Matteo Famiglietti\",\"isPartOf\":{\"@id\":\"https:\\\/\\\/www.matteofamiglietti.com\\\/es\\\/#website\"},\"datePublished\":\"2017-01-09T21:08:52+00:00\",\"dateModified\":\"2024-09-05T14:33:36+00:00\",\"breadcrumb\":{\"@id\":\"https:\\\/\\\/www.matteofamiglietti.com\\\/es\\\/cicatrizacion\\\/#breadcrumb\"},\"inLanguage\":\"es\",\"potentialAction\":[{\"@type\":\"ReadAction\",\"target\":[\"https:\\\/\\\/www.matteofamiglietti.com\\\/es\\\/cicatrizacion\\\/\"]}]},{\"@type\":\"BreadcrumbList\",\"@id\":\"https:\\\/\\\/www.matteofamiglietti.com\\\/es\\\/cicatrizacion\\\/#breadcrumb\",\"itemListElement\":[{\"@type\":\"ListItem\",\"position\":1,\"name\":\"Home\",\"item\":\"https:\\\/\\\/www.matteofamiglietti.com\\\/es\\\/\"},{\"@type\":\"ListItem\",\"position\":2,\"name\":\"Cicatrizaci\u00f3n\"}]},{\"@type\":\"WebSite\",\"@id\":\"https:\\\/\\\/www.matteofamiglietti.com\\\/es\\\/#website\",\"url\":\"https:\\\/\\\/www.matteofamiglietti.com\\\/es\\\/\",\"name\":\"Matteo Famiglietti\",\"description\":\"Specialista in Chirurgia Plastica Ricostruttiva ed Estetica\",\"potentialAction\":[{\"@type\":\"SearchAction\",\"target\":{\"@type\":\"EntryPoint\",\"urlTemplate\":\"https:\\\/\\\/www.matteofamiglietti.com\\\/es\\\/?s={search_term_string}\"},\"query-input\":{\"@type\":\"PropertyValueSpecification\",\"valueRequired\":true,\"valueName\":\"search_term_string\"}}],\"inLanguage\":\"es\"}]}<\/script>\n<!-- \/ Yoast SEO plugin. -->","yoast_head_json":{"title":"Cicatrizaci\u00f3n - Matteo Famiglietti","robots":{"index":"index","follow":"follow","max-snippet":"max-snippet:-1","max-image-preview":"max-image-preview:large","max-video-preview":"max-video-preview:-1"},"canonical":"https:\/\/www.matteofamiglietti.com\/es\/cicatrizacion\/","og_locale":"es_ES","og_type":"article","og_title":"Cicatrizaci\u00f3n - Matteo Famiglietti","og_description":"[mk_page_section bg_image=\u00bbhttps:\/\/www.matteofamiglietti.com\/es\/wp-content\/uploads\/2017\/01\/33333333333.jpg\u00bb blend_mode=\u00bbmultiply\u00bb bg_position=\u00bbright top\u00bb bg_repeat=\u00bbno-repeat\u00bb bg_stretch=\u00bbtrue\u00bb video_color_mask=\u00bb#0086ac\u00bb video_opacity=\u00bb0.3&#8243; min_height=\u00bb440&#8243; js_vertical_centered=\u00bbtrue\u00bb padding_top=\u00bb0&#8243; padding_bottom=\u00bb60&#8243; sidebar=\u00bbsidebar-1&#8243;][vc_column][mk_padding_divider size=\u00bb53&#8243;][mk_fancy_title tag_name=\u00bbh5&#8243; color=\u00bb#0086ac\u00bb size=\u00bb35&#8243; line_height=\u00bb90&#8243; font_weight=\u00bbbold\u00bb txt_transform=\u00bbuppercase\u00bb margin_bottom=\u00bb0&#8243; font_family=\u00bbnone\u00bb]Dr. Matteo Famiglietti[\/mk_fancy_title][mk_fancy_title tag_name=\u00bbh1&#8243; color=\u00bb#0086ac\u00bb size=\u00bb95&#8243; force_font_size=\u00bbtrue\u00bb size_tablet=\u00bb45&#8243; line_height=\u00bb95&#8243; font_weight=\u00bbbold\u00bb txt_transform=\u00bbnone\u00bb margin_bottom=\u00bb0&#8243; font_family=\u00bbnone\u00bb]Cicatrizaci\u00f3n[\/mk_fancy_title][\/vc_column][\/mk_page_section][vc_row fullwidth=\u00bbtrue\u00bb css=\u00bb.vc_custom_1725268852218{background-color: #263E64 !important;}\u00bb][vc_column][mk_padding_divider size=\u00bb15&#8243;][mk_fancy_title tag_name=\u00bbh5&#8243; color=\u00bb#ffffff\u00bb size=\u00bb46&#8243; line_height=\u00bb90&#8243; font_weight=\u00bb300&#8243; txt_transform=\u00bbuppercase\u00bb letter_spacing=\u00bb4&#8243; margin_bottom=\u00bb0&#8243; font_family=\u00bbJaldi\u00bb font_type=\u00bbgoogle\u00bb align=\u00bbcenter\u00bb]CIRUG\u00cdA CORPORAL[\/mk_fancy_title][\/vc_column][\/vc_row][vc_row][vc_column][mk_padding_divider size=\u00bb58&#8243;][\/vc_column][\/vc_row][vc_row][vc_column][vc_column_text disable_pattern=\u00bbfalse\u00bb css=\u00bb.vc_custom_1725542457359{margin-bottom: [&hellip;]","og_url":"https:\/\/www.matteofamiglietti.com\/es\/cicatrizacion\/","og_site_name":"Matteo Famiglietti","article_publisher":"https:\/\/www.facebook.com\/dottfamiglietti","article_modified_time":"2024-09-05T14:33:36+00:00","twitter_card":"summary_large_image","twitter_misc":{"Tiempo de lectura":"3 minutos"},"schema":{"@context":"https:\/\/schema.org","@graph":[{"@type":"WebPage","@id":"https:\/\/www.matteofamiglietti.com\/es\/cicatrizacion\/","url":"https:\/\/www.matteofamiglietti.com\/es\/cicatrizacion\/","name":"Cicatrizaci\u00f3n - Matteo Famiglietti","isPartOf":{"@id":"https:\/\/www.matteofamiglietti.com\/es\/#website"},"datePublished":"2017-01-09T21:08:52+00:00","dateModified":"2024-09-05T14:33:36+00:00","breadcrumb":{"@id":"https:\/\/www.matteofamiglietti.com\/es\/cicatrizacion\/#breadcrumb"},"inLanguage":"es","potentialAction":[{"@type":"ReadAction","target":["https:\/\/www.matteofamiglietti.com\/es\/cicatrizacion\/"]}]},{"@type":"BreadcrumbList","@id":"https:\/\/www.matteofamiglietti.com\/es\/cicatrizacion\/#breadcrumb","itemListElement":[{"@type":"ListItem","position":1,"name":"Home","item":"https:\/\/www.matteofamiglietti.com\/es\/"},{"@type":"ListItem","position":2,"name":"Cicatrizaci\u00f3n"}]},{"@type":"WebSite","@id":"https:\/\/www.matteofamiglietti.com\/es\/#website","url":"https:\/\/www.matteofamiglietti.com\/es\/","name":"Matteo Famiglietti","description":"Specialista in Chirurgia Plastica Ricostruttiva ed Estetica","potentialAction":[{"@type":"SearchAction","target":{"@type":"EntryPoint","urlTemplate":"https:\/\/www.matteofamiglietti.com\/es\/?s={search_term_string}"},"query-input":{"@type":"PropertyValueSpecification","valueRequired":true,"valueName":"search_term_string"}}],"inLanguage":"es"}]}},"_links":{"self":[{"href":"https:\/\/www.matteofamiglietti.com\/es\/wp-json\/wp\/v2\/pages\/10169","targetHints":{"allow":["GET"]}}],"collection":[{"href":"https:\/\/www.matteofamiglietti.com\/es\/wp-json\/wp\/v2\/pages"}],"about":[{"href":"https:\/\/www.matteofamiglietti.com\/es\/wp-json\/wp\/v2\/types\/page"}],"author":[{"embeddable":true,"href":"https:\/\/www.matteofamiglietti.com\/es\/wp-json\/wp\/v2\/users\/1"}],"replies":[{"embeddable":true,"href":"https:\/\/www.matteofamiglietti.com\/es\/wp-json\/wp\/v2\/comments?post=10169"}],"version-history":[{"count":20,"href":"https:\/\/www.matteofamiglietti.com\/es\/wp-json\/wp\/v2\/pages\/10169\/revisions"}],"predecessor-version":[{"id":10610,"href":"https:\/\/www.matteofamiglietti.com\/es\/wp-json\/wp\/v2\/pages\/10169\/revisions\/10610"}],"wp:attachment":[{"href":"https:\/\/www.matteofamiglietti.com\/es\/wp-json\/wp\/v2\/media?parent=10169"}],"curies":[{"name":"wp","href":"https:\/\/api.w.org\/{rel}","templated":true}]}}